{"id":14,"date":"2021-09-24T12:12:10","date_gmt":"2021-09-24T10:12:10","guid":{"rendered":"http:\/\/acta.arkiloko.cloud\/wpcc\/?page_id=14"},"modified":"2024-12-12T17:43:01","modified_gmt":"2024-12-12T16:43:01","slug":"archivio","status":"publish","type":"page","link":"https:\/\/www.heritageccomcuneo.it\/?page_id=14","title":{"rendered":"Archivio"},"content":{"rendered":"\n<p class=\"has-drop-cap\">La Camera di commercio di Cuneo ha la sede principale a Cuneo, ma anche tre uffici sul territorio provinciale, ad Alba, Mondov\u00ec, e Saluzzo, dove si svolgono principalmente le attivit\u00e0 di sportello al pubblico.<\/p>\n\n\n\n<p class=\"has-drop-cap\">L\u2019archivio si trova, naturalmente, nella sede principale di Cuneo ed \u00e8 conservato in diversi locali; come \u00e8 normale in casi di grandi enti, questo archivio \u00e8 anche di concentrazione in quanto conserva oltre al proprio fondo anche i fondi di numerosi altri enti produttori quali l\u2019EuroCIN GEIE (Gruppo Europeo di interesse economico), l\u2019Ufficio Provinciale di Statistica, la Cassa Mutua, l\u2019Archivio Sindacato Autonomo, l\u2019Archivio dell\u2019Azienda speciale EVAE (Ente per la Valorizzazione delle Attivit\u00e0 Economiche) poi CEAM (Centro Estero Alpi Marittime), l\u2019archivio dei Tribunali (versamenti di quattro enti del registro delle Societ\u00e0) e l\u2019archivio dell\u2019Ufficio Metrico che comprende solo le carte post 2000 (quando questo soggetto \u00e8 confluito nella Camera di commercio), la parte precedente \u00e8 stata versato all\u2019Archivio di Stato di Cuneo.<\/p>\n\n\n\n<figure class=\"wp-block-image size-large\"><img loading=\"lazy\" decoding=\"async\" width=\"1024\" height=\"811\" src=\"https:\/\/www.heritageccomcuneo.it\/wp-content\/uploads\/2022\/09\/20210507_165852-1024x811.jpg\" alt=\"\" class=\"wp-image-249\" srcset=\"https:\/\/www.heritageccomcuneo.it\/wp-content\/uploads\/2022\/09\/20210507_165852-1024x811.jpg 1024w, https:\/\/www.heritageccomcuneo.it\/wp-content\/uploads\/2022\/09\/20210507_165852-300x237.jpg 300w, https:\/\/www.heritageccomcuneo.it\/wp-content\/uploads\/2022\/09\/20210507_165852-768x608.jpg 768w, https:\/\/www.heritageccomcuneo.it\/wp-content\/uploads\/2022\/09\/20210507_165852-1536x1216.jpg 1536w, https:\/\/www.heritageccomcuneo.it\/wp-content\/uploads\/2022\/09\/20210507_165852-2048x1621.jpg 2048w, https:\/\/www.heritageccomcuneo.it\/wp-content\/uploads\/2022\/09\/20210507_165852-1200x950.jpg 1200w, https:\/\/www.heritageccomcuneo.it\/wp-content\/uploads\/2022\/09\/20210507_165852-1980x1567.jpg 1980w\" sizes=\"auto, (max-width: 1024px) 100vw, 1024px\" \/><\/figure>\n\n\n\n<p>L&#8217;archivio storico ha subito nel tempo diverse dispersioni dovute ai continui trasferimenti di sede avvenuti fino alla met\u00e0 degli anni Venti; in minima parte si trova anche presso l&#8217;<a href=\"http:\/\/www.istitutoresistenzacuneo.it\" target=\"_blank\" rel=\"noreferrer noopener\">Istituto Storico della Resistenza di Cuneo<\/a>, che ne salv\u00f2 uno spezzone dalla distruzione bellica.<\/p>\n\n\n\n<p>La consistenza nei diversi istituti di conservazione, secondo il censimento pubblicato dagli Archivi di Stato nel 1996, era la seguente: documentazione conservata dalla Camera di commercio regg. 220, bb. 13, fasce. 87.000 ca (1862-1 988). Verbali e delibere di organi camerali, regg. 65 (1862-1944); relazioni annuali, bb. 11 (1927-1936); elenchi cronologici delle delibere del consiglio, regg. 5 (1927-1944); rubrica delle circolari ministeriali, reg. l (1943-1958); protocollo, regg. 53 (1911-1945); ruoli imposta consigliare, regg. 80 (1924- 1944); personale, fasce. 130 (1930-1988); bilanci preventivi (1909- 1944); bilanci consuntivi (1930-1943); libro abbonamenti a giornali e riviste (1930); libri degli impegni di spesa, regg. 2 (1930-1931); libri stipendi, regg. 9 (1936-1944); libro matricola, regg. 2 (1933-anni &#8217;50); inventari beni, regg. 2 (1942); registro ditte, fasce. 86.800 (al l978) 50. Documentazione conservata dall&#8217;Istituto storico della Resistenza di Cuneo Consistenza: regg. 7, bb. 39 (1909-1946). Cenni storici sulle organizzazioni della provincia, gestione commissariale (1924-1927); attivit\u00e0 generale (1927-1937); sezione agricolo-forestale (1927-1945); sezione industriale (1928-1945); sezione commerciale. Il registro ditte \u00e8 costituito da quattro fondi: i primi due (ditte cessate fino al 1 930 circa; ditte cessate tra il 1930 e il 1978) sono ordinati per comune di sede e in ordine alfabetico; il terzo riunisce le imprese cessate tra il 1979 e il 1988 ed \u00e8 ordinato secondo il numero di registrazione; il quarto fondo \u00e8 stato costituto nel 1988 e riunisce le cessate per ordine di cessazione (ogni impresa presenta dunque due numeri identificativi). Si d\u00e0 qui il dato relativo alle imprese registrate a tutto il l978, specificando che il dato al 1930 \u00e8 di 27.620 fascicoli. Il fondo viene descritto sulla base dell&#8217;inventario sommario disponibile (1909-1945); sezione lavoro (1925-1945); documentazione relativa alla presenza di abitanti di origine ebraica in provincia (1925-1 945); varie (1936-1946, con docc. al 1968). Ufficio di collocamento provinciale: protocollo della corrispondenza del comitato direttivo, reg. l (1935). Biblioteca camerale: ca 7.800 volumi.<\/p>\n\n\n\n<figure class=\"wp-block-image size-large\"><img loading=\"lazy\" decoding=\"async\" width=\"941\" height=\"1024\" src=\"https:\/\/www.heritageccomcuneo.it\/wp-content\/uploads\/2022\/02\/20211014_153942-941x1024.jpg\" alt=\"\" class=\"wp-image-114\" srcset=\"https:\/\/www.heritageccomcuneo.it\/wp-content\/uploads\/2022\/02\/20211014_153942-941x1024.jpg 941w, https:\/\/www.heritageccomcuneo.it\/wp-content\/uploads\/2022\/02\/20211014_153942-276x300.jpg 276w, https:\/\/www.heritageccomcuneo.it\/wp-content\/uploads\/2022\/02\/20211014_153942-768x835.jpg 768w, https:\/\/www.heritageccomcuneo.it\/wp-content\/uploads\/2022\/02\/20211014_153942-1412x1536.jpg 1412w, https:\/\/www.heritageccomcuneo.it\/wp-content\/uploads\/2022\/02\/20211014_153942-1883x2048.jpg 1883w, https:\/\/www.heritageccomcuneo.it\/wp-content\/uploads\/2022\/02\/20211014_153942-1200x1305.jpg 1200w, https:\/\/www.heritageccomcuneo.it\/wp-content\/uploads\/2022\/02\/20211014_153942-1980x2154.jpg 1980w\" sizes=\"auto, (max-width: 941px) 100vw, 941px\" \/><\/figure>\n\n\n\n<p>Nel 2008 l\u2019archivista camerale, dott.ssa Luisa Bill\u00f2, fece un puntuale censimento dell\u2019archivio, che costituisce l\u2019unico strumento di corredo aggiornato e molto utile come base di partenza per il nuovo intervento archivistico. Il lavoro del 2021 ha previsto la selezione dei documenti da proporre allo scarto, seguita da una collocazione ragionata dei documenti, una schedatura informatizzata e la valorizzazione delle carte pi\u00f9 antiche e anche di quelle pi\u00f9 rilevanti. Il censimento viene aggiornato nel 2023.<\/p>\n\n\n\n<p>Due strumenti di corredo per l\u2019archivio delle Camere di commercio italiane sono anche disponibili grazie al Centro di Cultura d\u2019Impresa: si tratta del Titolario di classificazione e del Piano di Conservazione (anche noto come massimario di scarto). Il sistema di gestione documentale utilizzato dal 2015 \u00e8 GeDoc e comprende anche il Manuale di gestione del Protocollo informatico.<\/p>\n\n\n\n<p>La parte pi\u00f9 preziosa di questo archivio, perch\u00e9 unica testimonianza delle denunce d&#8217;esercizio,  \u00e8 costituita dal Registro delle Imprese, gestita a cura di InfoCamere e, tramite il programma Telemaco, \u00e8 informatizzata dal 1996. La Camera di commercio di Cuneo aveva, per\u00f2, a quel tempo, gi\u00e0 provveduto all\u2019archiviazione ottica della documentazione fino al 1993, circa. <\/p>\n\n\n\n<p>La pubblicazione realizzata nel 2012 in occasione dei 150 anni della Camera di commercio di Cuneo contiene un interessante contributo sull\u2019archivio redatto da Walter Cesana <em>L&#8217;archivio della Camera di commercio: risorsa e fonte preziosa per la ricerca storica<\/em>, che si riporta integralmente qui di seguito:<br><em>Una necessaria premessa: l\u2019importanza delle carte d\u2019archivio. Gli archivi costituiscono in genere un prezioso deposito della memoria storica, perch\u00e9 le fonti scritte che vi si conservano sono determinanti per la ricostruzione di fatti, eventi, figure, fenomeni, da molteplici punti di vista. Nel caso specifico l\u2019archivio della Camera di commercio, ente di primaria importanza per il mondo socio-economico del territorio, conserva un vasto patrimonio di documenti quali registri, pratiche, verbali, statistiche, licenze, autorizzazioni, descrizioni di propriet\u00e0, stanziamenti finanziari, rendiconti, bilanci, censimenti e altri atti riferiti a procedimenti amministrativi che sostengono l\u2019attivit\u00e0 di ditte commerciali, artigianali, agricole e industriali, individuali o societarie, che costituiscono la linfa vitale dell\u2019economia locale e nazionale. Ad una prima impressione potrebbe sembrare che questi atti siano lontani o poco significativi per la storia e invece l\u2019evoluzione degli strumenti e dei metodi della ricerca storica di questi ultimi anni ci dice che anche una documentazione amministrativa, fiscale, commerciale, statistica, apparentemente fredda nei numeri, negli enunciati, nella formulazione burocratica, pu\u00f2 restituirci particolari interessanti e piste d\u2019indagine stimolanti per l\u2019analisi storiografica di un contesto socio-economico-culturale in una determinata epoca. Analogamente ad altre tipologie di fonti anche questi documenti richiedono un approccio specifico, strategie di utilizzo e metodi di interpretazione che devono relazionarsi alla complessit\u00e0 del lavoro di ricerca storica. Un semplice documento, una fattura o una licenza commerciale \u201cnon fanno la storia\u201d, anzi, a volte tra le carte conservate negli archivi si incontrano elementi di contraddizione e di confusione: occorrono competenza e molta prudenza nell\u2019interpretare dati, numeri, rendiconti, relazioni sull\u2019andamento economico del territorio e il loro rapporto con il contesto sociale nel quale sono immersi. Per questo il singolo documento va sempre comparato con altre fonti e contestualizzato alla microstoria locale e alla storia generale, con un processo di osmosi tra le due dimensioni che favorisce un vero percorso di conoscenza della storia, in grado di far incontrare e collocare nel tempo un determinato fenomeno, di ricostruirne la cronologia, di mettere a fuoco gli eventi o i fatti che lo hanno contraddistinto (guerre, movimenti migratori, crisi economiche, progresso sociale, sviluppo strutturale, distribuzione di insediamenti e attivit\u00e0 lavorative, eccetera), di individuare le relazioni, le ricadute sulla popolazione locale, la sequenzialit\u00e0, la scansione in rapporto a determinati periodi, per far s\u00ec che lo studio del passato serva a meglio comprendere il presente e a guardare al futuro in modo pi\u00f9 consapevole. Il patrimonio archivistico della Camera di commercio Sono passati oltre trent\u2019anni dall\u2019analisi che la studiosa Emma Mana rivolse all\u2019archivio della Camera di commercio di Cuneo . La fotografia che emergeva dalla sua trattazione presentava una notevole consistenza del patrimonio archivistico, ma anche una precariet\u00e0 di conservazione, una grave lacuna e frammentariet\u00e0 nei documenti pi\u00f9 vecchi andati purtroppo distrutti nei primi due decenni del Novecento e soprattutto la necessit\u00e0 di un intervento di catalogazione e risistemazione dei fondi, per tutelarne la conservazione e assicurarne l\u2019accesso e la fruibilit\u00e0 a studiosi e ricercatori. Veniva anche evidenziato che l\u2019archivio si trovava dislocato in parte presso i locali della Camera di commercio ed in parte presso l\u2019Istituto Storico della Resistenza che, all\u2019inizio degli anni Settanta, ne aveva salvato uno spezzone dalla distruzione. Per la parte collocata presso l\u2019Istituto Storico veniva fornita una precisa elencazione dei documenti che coprono l\u2019arco temporale dal 1921 al 1945 e tale inventario \u00e8 tuttora disponibile in forma cartacea presso l\u2019Istituto. Da allora la situazione \u00e8 rimasta immutata per quanto concerne questa suddivisione, ma presso la Camera di commercio si \u00e8 provveduto a recuperare ulteriori spazi in uffici e magazzini e a compilare un elenco pi\u00f9 completo dei materiali (ora disponibile anche informatizzato). Non esiste ancora, al momento, un preciso inventario, ma \u00e8 in corso un progetto di riordino e di schedatura di tutto il materiale conservato ed \u00e8 auspicabile che quanto prima questo indispensabile strumento venga completato. Inoltre tutte le pratiche del Registro delle imprese, operativo dal 1996, sono archiviate otticamente, cos\u00ec come lo sono gli atti depositati ai preesistenti &#8220;registri delle societ\u00e0&#8221; nella fase transitoria dal 1994 al 1996. Il registro delle imprese \u00e8 perci\u00f2 accessibile dalla rete Internet in tempo reale, su tutto il territorio nazionale. Parimenti, tutte le pratiche presentate agli uffici del registro imprese camerali sono telematiche con firma digitale (per le societ\u00e0 dal 2003, per le imprese individuali dal 2010). Ai documenti conservati, che riflettono le competenze e le attivit\u00e0 dell\u2019ente camerale e il loro cambiare nel tempo, si aggiungono raccolte di documenti di altri enti, connessi all\u2019attivit\u00e0 della Camera stessa, che costituiscono veri archivi aggregati e che arricchiscono notevolmente il patrimonio documentario. In sintesi questi fondi si riferiscono all\u2019Ufficio provinciale industria, commercio e artigianato, all\u2019Ufficio provinciale di collocamento (1935- 1938), al Consorzio volontario per la tutela sanitaria del bestiame (1946- 1969); all\u2019Azienda autonoma studi e assistenza alla montagna (operante in seno alla Camera di commercio tra il 1952 e il 1977, fino al trasferimento delle competenze alla Regione), al Consiglio provinciale dell\u2019artigianato, ora Centro estero Alpi del mare (azienda speciale della Camera di commercio). In questi ultimi tempi l\u2019archivio sta sistemando un nuovo e importante settore, quello del materiale fotografico d\u2019epoca. Le fotografie in possesso dell\u2019ente camerale, documentano avvenimenti significativi locali, convegni, manifestazioni, persone eccetera da circa un secolo, come ad esempio l\u2019inaugurazione della linea ferroviaria dalla stazione dell\u2019altipiano di Cuneo a Nizza nel 1937 o la visita di Alcide De Gasperi a Cuneo nel 1951. \u00c8 questo un nuovo tassello archivistico che non mancher\u00e0 di suscitare interesse per la ricerca storica. Citiamo appena, inoltre, la ricca biblioteca che costituisce l\u2019altro pilastro culturale della Camera di commercio e che dal 2001 fa parte del Servizio Bibliotecario Nazionale. Essa ha un catalogo on line che parte da pubblicazioni di met\u00e0 \u2018800, consta di pi\u00f9 di 19.000 volumi e opuscoli e comprende monografie e periodici di carattere economico e storico-economico, annuari statistici, censimenti, rapporti, repertori e relazioni economiche, pubblicazioni sulla provincia di Cuneo e sulla sua economia; comprende inoltre una sezione dedicata alle pubblicazioni dell\u2019Unione europea e il fondo bibliografico acquisito dalla sede di Cuneo della Banca d\u2019Italia. Conserva numerosi periodici editi in provincia e interessanti raccolte di giornali e periodici stampati tra Ottocento e Novecento, oltre alla produzione editoriale completa dell\u2019ente camerale. Un patrimonio che si va segnalando, infine, come importantissimo e che costituisce la liaison forte tra l\u2019archivio storico e la biblioteca sono le tesi di laurea acquisite dal 1990, giunte a superare il numero di 150, afferenti discipline diverse, ma sempre attinenti alla realt\u00e0 socio-economico-culturale e alla storia del territorio provinciale cuneese. In conclusione mi sia consentita un\u2019annotazione personale. Ho avuto modo di sperimentare, in pi\u00f9 occasioni, quanto l\u2019archivio e la biblioteca della Camera di commercio di Cuneo siano un luogo di documentazione importante. Cito solo tre indagini alle quali ho lavorato recentemente, che hanno avuto sviluppi inediti proprio grazie a quanto si \u00e8 potuto qui consultare: la storia della lavanda in Valle Gesso, la storia della canapa in Valle Grana e la storia dell\u2019istruzione a Cuneo e nelle valli alpine. Per questo sottolineo l\u2019importanza e l\u2019unicit\u00e0 dell\u2019archivio e della biblioteca camerale come fonti per la storia economica e sociale e sono grato alla Camera di commercio per la disponibilit\u00e0 e la collaborazione offerta alla ricerca storica.<\/em> <em>La Camera, che fu l&#8217;organo propulsore e promotore di studi iniziative ed interventi non solo nel settore commerciale ma anche in quello agricolo e industriale, contribu\u00ec alla diffusione dell&#8217;insegnamento agrario, all&#8217;apertura di una scuola enologica ad Alba e alla costituzione della Societ\u00e0 bacologica Alto Piemonte.<\/em><\/p>\n\n\n\n<p><\/p>\n\n\n\n<figure class=\"wp-block-image size-large\"><img loading=\"lazy\" decoding=\"async\" width=\"1024\" height=\"576\" src=\"https:\/\/www.heritageccomcuneo.it\/wp-content\/uploads\/2022\/09\/20210505_125917-1024x576.jpg\" alt=\"\" class=\"wp-image-251\" srcset=\"https:\/\/www.heritageccomcuneo.it\/wp-content\/uploads\/2022\/09\/20210505_125917-1024x576.jpg 1024w, https:\/\/www.heritageccomcuneo.it\/wp-content\/uploads\/2022\/09\/20210505_125917-300x169.jpg 300w, https:\/\/www.heritageccomcuneo.it\/wp-content\/uploads\/2022\/09\/20210505_125917-768x432.jpg 768w, https:\/\/www.heritageccomcuneo.it\/wp-content\/uploads\/2022\/09\/20210505_125917-1536x864.jpg 1536w, https:\/\/www.heritageccomcuneo.it\/wp-content\/uploads\/2022\/09\/20210505_125917-2048x1152.jpg 2048w, https:\/\/www.heritageccomcuneo.it\/wp-content\/uploads\/2022\/09\/20210505_125917-1200x675.jpg 1200w, https:\/\/www.heritageccomcuneo.it\/wp-content\/uploads\/2022\/09\/20210505_125917-1980x1114.jpg 1980w\" sizes=\"auto, (max-width: 1024px) 100vw, 1024px\" \/><\/figure>\n\n\n\n<p>La valorizzazione realizzata in questo progetto verter\u00e0 su filoni di particolare interesse storico.<\/p>\n\n\n\n<p><\/p>\n\n\n\n<p><strong>Bibliografia<\/strong><br><em>Guida agli archivi storici delle Camere di commercio<\/em> <em>Camera di commercio industria e agricoltura di Cuneo, 1862-1962. Un secolo di vita economica<\/em>, Cuneo 1962.<\/p>\n\n\n\n<p>N. VASSALLO, <em>Per una guida agli archivi storici delle Camere di commercio piemontesi<\/em>, in <em>Gli archivi<\/em>, atti, pp. 1 19-135.<\/p>\n","protected":false},"excerpt":{"rendered":"<p>La Camera di commercio di Cuneo ha la sede principale a Cuneo, ma anche tre uffici sul territorio provinciale, ad Alba, Mondov\u00ec, e Saluzzo, dove si svolgono principalmente le attivit\u00e0 di sportello al pubblico. L\u2019archivio si trova, naturalmente, nella sede principale di Cuneo ed \u00e8 conservato in diversi locali; come \u00e8 normale in casi di [&hellip;]<\/p>\n","protected":false},"author":1,"featured_media":131,"parent":0,"menu_order":0,"comment_status":"closed","ping_status":"closed","template":"templates\/template-cover.php","meta":{"footnotes":""},"class_list":["post-14","page","type-page","status-publish","has-post-thumbnail","hentry"],"_links":{"self":[{"href":"https:\/\/www.heritageccomcuneo.it\/index.php?rest_route=\/wp\/v2\/pages\/14","targetHints":{"allow":["GET"]}}],"collection":[{"href":"https:\/\/www.heritageccomcuneo.it\/index.php?rest_route=\/wp\/v2\/pages"}],"about":[{"href":"https:\/\/www.heritageccomcuneo.it\/index.php?rest_route=\/wp\/v2\/types\/page"}],"author":[{"embeddable":true,"href":"https:\/\/www.heritageccomcuneo.it\/index.php?rest_route=\/wp\/v2\/users\/1"}],"replies":[{"embeddable":true,"href":"https:\/\/www.heritageccomcuneo.it\/index.php?rest_route=%2Fwp%2Fv2%2Fcomments&post=14"}],"version-history":[{"count":13,"href":"https:\/\/www.heritageccomcuneo.it\/index.php?rest_route=\/wp\/v2\/pages\/14\/revisions"}],"predecessor-version":[{"id":533,"href":"https:\/\/www.heritageccomcuneo.it\/index.php?rest_route=\/wp\/v2\/pages\/14\/revisions\/533"}],"wp:featuredmedia":[{"embeddable":true,"href":"https:\/\/www.heritageccomcuneo.it\/index.php?rest_route=\/wp\/v2\/media\/131"}],"wp:attachment":[{"href":"https:\/\/www.heritageccomcuneo.it\/index.php?rest_route=%2Fwp%2Fv2%2Fmedia&parent=14"}],"curies":[{"name":"wp","href":"https:\/\/api.w.org\/{rel}","templated":true}]}}