{"id":167,"date":"2022-09-21T13:55:25","date_gmt":"2022-09-21T11:55:25","guid":{"rendered":"http:\/\/acta.arkiloko.cloud\/wpcc\/?page_id=167"},"modified":"2024-12-16T17:26:34","modified_gmt":"2024-12-16T16:26:34","slug":"antichimestieri","status":"publish","type":"page","link":"https:\/\/www.heritageccomcuneo.it\/?page_id=167","title":{"rendered":"5. Antichi mestieri"},"content":{"rendered":"\n<p><\/p>\n\n\n\n<p>Tra gli antichi mestieri maggiormente documentati ritroviamo i \u201c<strong>commercianti ambulanti di pesce salato<\/strong>\u201d o anche detti \u201c<strong>acciugai<\/strong>\u201d, dipendeva dalla zona. <\/p>\n\n\n\n<p>Le prime notizie relative al <strong>commercio ambulante di pesce salato, conservato e secco<\/strong>, si trovano a Castelmagno, in Valle Grana; molti dei documenti conservati dalla Camera di commercio (per la precisione 28 pratiche) si riferiscono a ditte cessate tra la fine degli anni Trenta e Quaranta del Novecento. Gli ambulanti, quasi tutti appartenenti alle famiglie Arneodo e Martino, provenivano principalmente dalle frazioni di Narbona, Campofei, Campomolino e Valliera; nel corso degli anni esercitarono la loro attivit\u00e0, oltre che nel territorio cuneese e nelle province piemontesi di Torino, Alessandria, Asti, Novara, anche in quelle liguri di Imperia e Savona, in Lombardia (Pavia e Milano) e in altri \u201cluoghi del Regno\u201d.<\/p>\n\n\n\n<div class=\"wp-block-group is-nowrap is-layout-flex wp-container-core-group-is-layout-ad2f72ca wp-block-group-is-layout-flex\">\n<figure class=\"wp-block-image size-full\"><img loading=\"lazy\" decoding=\"async\" width=\"255\" height=\"356\" src=\"https:\/\/www.heritageccomcuneo.it\/wp-content\/uploads\/2022\/09\/image.png\" alt=\"\" class=\"wp-image-168\" srcset=\"https:\/\/www.heritageccomcuneo.it\/wp-content\/uploads\/2022\/09\/image.png 255w, https:\/\/www.heritageccomcuneo.it\/wp-content\/uploads\/2022\/09\/image-215x300.png 215w\" sizes=\"auto, (max-width: 255px) 100vw, 255px\" \/><\/figure>\n\n\n\n<figure class=\"wp-block-image size-full\"><img loading=\"lazy\" decoding=\"async\" width=\"508\" height=\"359\" src=\"https:\/\/www.heritageccomcuneo.it\/wp-content\/uploads\/2022\/09\/image-1.png\" alt=\"\" class=\"wp-image-169\" srcset=\"https:\/\/www.heritageccomcuneo.it\/wp-content\/uploads\/2022\/09\/image-1.png 508w, https:\/\/www.heritageccomcuneo.it\/wp-content\/uploads\/2022\/09\/image-1-300x212.png 300w\" sizes=\"auto, (max-width: 508px) 100vw, 508px\" \/><\/figure>\n<\/div>\n\n\n\n<p>L\u2019attivit\u00e0 di \u201c<strong>acciugaio<\/strong>\u201d invece \u00e8 testimoniata nelle carte di Celle Macra, in Valle Maira (23 pratiche). La stessa attivit\u00e0 con due denominazioni diverse. Gli acciugai provenivano un po\u2019 da tutte le borgate di Celle, e si spingevano a commerciare anche in questo caso sulle piazze di altre province piemontesi, liguri e lombarde. I Bianco la facevano da padrone, quasi tutti fascicoli delle ditte cessate sono intestati a queste famiglie. <\/p>\n\n\n\n<p>Con il passare degli anni, tale attivit\u00e0 commerciale sembr\u00f2 diminuire a Castelmagno e dagli anni Cinquanta divenire preponderante, invece, proprio a Celle (100 pratiche); ai Bianco si aggiunsero altre famiglie (tra cui, principalmente, gli Aimar, i Mattalia, gli Einaudi, i Girardi e i Martini). Attualmente, esistono a Celle un sentiero e un museo dedicati proprio a questo antico mestiere.<\/p>\n\n\n\n<div class=\"wp-block-group is-nowrap is-layout-flex wp-container-core-group-is-layout-ad2f72ca wp-block-group-is-layout-flex\">\n<div class=\"wp-block-group is-nowrap is-layout-flex wp-container-core-group-is-layout-ad2f72ca wp-block-group-is-layout-flex\">\n<figure class=\"wp-block-image size-full\"><img loading=\"lazy\" decoding=\"async\" width=\"240\" height=\"339\" src=\"https:\/\/www.heritageccomcuneo.it\/wp-content\/uploads\/2022\/09\/image-2.png\" alt=\"\" class=\"wp-image-170\" srcset=\"https:\/\/www.heritageccomcuneo.it\/wp-content\/uploads\/2022\/09\/image-2.png 240w, https:\/\/www.heritageccomcuneo.it\/wp-content\/uploads\/2022\/09\/image-2-212x300.png 212w\" sizes=\"auto, (max-width: 240px) 100vw, 240px\" \/><\/figure>\n\n\n\n<figure class=\"wp-block-image size-full\"><img loading=\"lazy\" decoding=\"async\" width=\"479\" height=\"342\" src=\"https:\/\/www.heritageccomcuneo.it\/wp-content\/uploads\/2022\/09\/image-3.png\" alt=\"\" class=\"wp-image-171\" srcset=\"https:\/\/www.heritageccomcuneo.it\/wp-content\/uploads\/2022\/09\/image-3.png 479w, https:\/\/www.heritageccomcuneo.it\/wp-content\/uploads\/2022\/09\/image-3-300x214.png 300w\" sizes=\"auto, (max-width: 479px) 100vw, 479px\" \/><\/figure>\n<\/div>\n\n\n\n<figure class=\"wp-block-image size-full\"><img loading=\"lazy\" decoding=\"async\" width=\"244\" height=\"345\" src=\"https:\/\/www.heritageccomcuneo.it\/wp-content\/uploads\/2022\/09\/image-4.png\" alt=\"\" class=\"wp-image-172\" srcset=\"https:\/\/www.heritageccomcuneo.it\/wp-content\/uploads\/2022\/09\/image-4.png 244w, https:\/\/www.heritageccomcuneo.it\/wp-content\/uploads\/2022\/09\/image-4-212x300.png 212w\" sizes=\"auto, (max-width: 244px) 100vw, 244px\" \/><\/figure>\n<\/div>\n\n\n\n<p>Sull\u2019altro versante della Valle Maira, a Elva e nelle sue borgate, si trovano pi\u00f9 o meno nello stesso periodo gli \u201c<strong>ambulanti in capelli umani<\/strong>\u201d o \u201ccavi\u00e9\u201d (70 pratiche): questi commercianti vendevano, oltre ai capelli per la fabbricazione di parrucche, anche tele, stoffe e stracci, e a volte erano \u201cdotati di forbici\u201d; la loro attivit\u00e0 si svolse nei primi anni soltanto a Elva (solo un paio di commercianti esportavano gi\u00e0 in Francia), ma poi si espanse notevolmente in altre aree del Piemonte, in Liguria e in Valle d\u2019Aosta. Le famiglie dedite a tale attivit\u00e0 avevano tutte nomi tipici della zona: Dao, Dao-Castes, Baudino, Bruna, Bruna-Rosso, Raina e Pasero.<\/p>\n\n\n\n<div class=\"wp-block-group is-nowrap is-layout-flex wp-container-core-group-is-layout-ad2f72ca wp-block-group-is-layout-flex\">\n<div class=\"wp-block-group is-nowrap is-layout-flex wp-container-core-group-is-layout-ad2f72ca wp-block-group-is-layout-flex\">\n<figure class=\"wp-block-image size-full\"><img loading=\"lazy\" decoding=\"async\" width=\"240\" height=\"327\" src=\"https:\/\/www.heritageccomcuneo.it\/wp-content\/uploads\/2022\/09\/image-5.png\" alt=\"\" class=\"wp-image-173\" srcset=\"https:\/\/www.heritageccomcuneo.it\/wp-content\/uploads\/2022\/09\/image-5.png 240w, https:\/\/www.heritageccomcuneo.it\/wp-content\/uploads\/2022\/09\/image-5-220x300.png 220w\" sizes=\"auto, (max-width: 240px) 100vw, 240px\" \/><\/figure>\n\n\n\n<figure class=\"wp-block-image size-full\"><img loading=\"lazy\" decoding=\"async\" width=\"469\" height=\"330\" src=\"https:\/\/www.heritageccomcuneo.it\/wp-content\/uploads\/2022\/09\/image-6.png\" alt=\"\" class=\"wp-image-174\" srcset=\"https:\/\/www.heritageccomcuneo.it\/wp-content\/uploads\/2022\/09\/image-6.png 469w, https:\/\/www.heritageccomcuneo.it\/wp-content\/uploads\/2022\/09\/image-6-300x211.png 300w\" sizes=\"auto, (max-width: 469px) 100vw, 469px\" \/><\/figure>\n<\/div>\n\n\n\n<figure class=\"wp-block-image size-full\"><img loading=\"lazy\" decoding=\"async\" width=\"271\" height=\"330\" src=\"https:\/\/www.heritageccomcuneo.it\/wp-content\/uploads\/2022\/09\/image-7.png\" alt=\"\" class=\"wp-image-175\" srcset=\"https:\/\/www.heritageccomcuneo.it\/wp-content\/uploads\/2022\/09\/image-7.png 271w, https:\/\/www.heritageccomcuneo.it\/wp-content\/uploads\/2022\/09\/image-7-246x300.png 246w\" sizes=\"auto, (max-width: 271px) 100vw, 271px\" \/><\/figure>\n<\/div>\n\n\n\n<p>Tornando a Castelmagno, in particolare nelle borgate di Narbona e Chiotti, sono documentate negli anni Cinquanta anche attivit\u00e0 di un altro tipo:  \u201c<strong>commercio ambulante di erbe, radici e fiori medicinali e per profumeria<\/strong>\u201d e, gi\u00e0 negli anni Venti, \u00e8 documentato il mestiere di \u201c<strong>sgranatore di orzo e segale<\/strong>\u201d; nell\u2019interessante documento che testimonia l\u2019attivit\u00e0 degli sgranatori, viene descritta l\u2019evoluzione di tale mestiere: \u201c[\u2026] anni addietro lo sgranavamo a forza muscolare, ma in seguito la scarsit\u00e0 di braccia si \u00e8 fatta sentire fino all\u2019impossibilit\u00e0, e perci\u00f2 abbiamo dovuto ricorrere alla forza meccanica, con motorino elettrico [\u2026]\u201d.<\/p>\n\n\n\n<div class=\"wp-block-group is-nowrap is-layout-flex wp-container-core-group-is-layout-ad2f72ca wp-block-group-is-layout-flex\">\n<figure class=\"wp-block-image size-full\"><img loading=\"lazy\" decoding=\"async\" width=\"307\" height=\"447\" src=\"https:\/\/www.heritageccomcuneo.it\/wp-content\/uploads\/2022\/09\/image-8.png\" alt=\"\" class=\"wp-image-176\" srcset=\"https:\/\/www.heritageccomcuneo.it\/wp-content\/uploads\/2022\/09\/image-8.png 307w, https:\/\/www.heritageccomcuneo.it\/wp-content\/uploads\/2022\/09\/image-8-206x300.png 206w\" sizes=\"auto, (max-width: 307px) 100vw, 307px\" \/><\/figure>\n\n\n\n<figure class=\"wp-block-image size-full\"><img loading=\"lazy\" decoding=\"async\" width=\"328\" height=\"446\" src=\"https:\/\/www.heritageccomcuneo.it\/wp-content\/uploads\/2022\/09\/image-9.png\" alt=\"\" class=\"wp-image-177\" srcset=\"https:\/\/www.heritageccomcuneo.it\/wp-content\/uploads\/2022\/09\/image-9.png 328w, https:\/\/www.heritageccomcuneo.it\/wp-content\/uploads\/2022\/09\/image-9-221x300.png 221w\" sizes=\"auto, (max-width: 328px) 100vw, 328px\" \/><\/figure>\n<\/div>\n\n\n\n<p>Il curioso nome di una borgata di Castelmagno, la &#8220;Follia\u201d, da intendere come \u201cFollateria\u201d, riporta ad un altro mestiere che gli abitanti della borgata svolgevano <em>in loco<\/em>: la <strong>follatura<\/strong>, ossia la pigiatura a torcitura in acqua della lana per la produzione del feltro. Tale attivit\u00e0 richiedeva l\u2019uso di acqua con determinate caratteristiche (alcalina e con temperatura mite e costante), che corrispondono proprio a quella di una sorgente poco pi\u00f9 a monte della borgata in questione. \u00c8 molto probabile che la follatura venne in seguito meccanizzata con l\u2019uso di magli in legno movimentati grazie alla forza idraulica prodotta dall\u2019acqua del torrente Grana (cit. Lucio Alciati).<\/p>\n\n\n\n<p>Per rimanere ancora nel territorio delle Valli Grana e Maira, precisamente a Monterosso Grana, si trova gi\u00e0 nel 1926 un <strong>produttore di falci<\/strong>; \u00e8 un&#8217;attivit\u00e0 ancora presente nel comune di Dronero nella storica azienda <em>Fabbriche Riunite Falci<\/em>, ora <em>Falci Hand Tools<\/em>, nata nel 1921 dall\u2019unione di alcuni fabbri forgiatori locali. Negli anni Venti a Villar San Costanzo, vicino a Dronero, esistevano alcuni commercianti e rivenditori di falci e molle.<\/p>\n\n\n\n<div class=\"wp-block-group is-nowrap is-layout-flex wp-container-core-group-is-layout-ad2f72ca wp-block-group-is-layout-flex\">\n<figure class=\"wp-block-image size-full\"><img loading=\"lazy\" decoding=\"async\" width=\"352\" height=\"495\" src=\"https:\/\/www.heritageccomcuneo.it\/wp-content\/uploads\/2022\/09\/image-10.png\" alt=\"\" class=\"wp-image-178\" srcset=\"https:\/\/www.heritageccomcuneo.it\/wp-content\/uploads\/2022\/09\/image-10.png 352w, https:\/\/www.heritageccomcuneo.it\/wp-content\/uploads\/2022\/09\/image-10-213x300.png 213w\" sizes=\"auto, (max-width: 352px) 100vw, 352px\" \/><\/figure>\n\n\n\n<figure class=\"wp-block-image size-full\"><img loading=\"lazy\" decoding=\"async\" width=\"404\" height=\"495\" src=\"https:\/\/www.heritageccomcuneo.it\/wp-content\/uploads\/2022\/09\/image-11.png\" alt=\"\" class=\"wp-image-179\" srcset=\"https:\/\/www.heritageccomcuneo.it\/wp-content\/uploads\/2022\/09\/image-11.png 404w, https:\/\/www.heritageccomcuneo.it\/wp-content\/uploads\/2022\/09\/image-11-245x300.png 245w\" sizes=\"auto, (max-width: 404px) 100vw, 404px\" \/><\/figure>\n<\/div>\n\n\n\n<p>A San Pietro di Monterosso, sempre in Valle Grana, negli anni Venti si trova notizia di un altro mestiere, quello dei <strong><em>cavatori di ardesie<\/em><\/strong>, che poteva essere esercitato <em>saltuariamente, pochi mesi dell\u2019anno, epoche in cui non vi sono lavori campestri<\/em>; gi\u00e0 da fine Ottocento, vi \u00e8 traccia del mestiere dell\u2019<em>ardesaio<\/em>  anche a Valdieri, in alta Valle Gesso.<\/p>\n\n\n\n<div class=\"wp-block-group is-nowrap is-layout-flex wp-container-core-group-is-layout-ad2f72ca wp-block-group-is-layout-flex\">\n<figure class=\"wp-block-image size-full\"><img loading=\"lazy\" decoding=\"async\" width=\"311\" height=\"426\" src=\"https:\/\/www.heritageccomcuneo.it\/wp-content\/uploads\/2022\/09\/image-12.png\" alt=\"\" class=\"wp-image-180\" srcset=\"https:\/\/www.heritageccomcuneo.it\/wp-content\/uploads\/2022\/09\/image-12.png 311w, https:\/\/www.heritageccomcuneo.it\/wp-content\/uploads\/2022\/09\/image-12-219x300.png 219w\" sizes=\"auto, (max-width: 311px) 100vw, 311px\" \/><\/figure>\n\n\n\n<figure class=\"wp-block-image size-full\"><img loading=\"lazy\" decoding=\"async\" width=\"609\" height=\"427\" src=\"https:\/\/www.heritageccomcuneo.it\/wp-content\/uploads\/2022\/09\/image-13.png\" alt=\"\" class=\"wp-image-181\" srcset=\"https:\/\/www.heritageccomcuneo.it\/wp-content\/uploads\/2022\/09\/image-13.png 609w, https:\/\/www.heritageccomcuneo.it\/wp-content\/uploads\/2022\/09\/image-13-300x210.png 300w\" sizes=\"auto, (max-width: 609px) 100vw, 609px\" \/><\/figure>\n<\/div>\n\n\n\n<p>A Vernante, invece, in Valle Vermenagna, un mestiere diffuso \u00e8 quello del <strong>coltellinaio<\/strong>, cos\u00ec come a Carr\u00f9, gi\u00e0 da fine Settecento, era frequente quello del <strong>bottaio<\/strong>, artigiano che produceva e riparava botti e barili; dell\u2019attivit\u00e0 del bottaio si trova testimonianza di nuovo nell\u2019intraprendente Celle di Macra, in Valle Maira, gi\u00e0 citata come \u201cpatria\u201d degli acciugai; proprio nella zona di Celle, infatti, un sentiero recentemente sistemato, ricorda l\u2019antico mestiere dei bottai.<\/p>\n\n\n\n<div class=\"wp-block-group is-nowrap is-layout-flex wp-container-core-group-is-layout-ad2f72ca wp-block-group-is-layout-flex\">\n<figure class=\"wp-block-image size-full\"><img loading=\"lazy\" decoding=\"async\" width=\"326\" height=\"463\" src=\"https:\/\/www.heritageccomcuneo.it\/wp-content\/uploads\/2022\/09\/image-14.png\" alt=\"\" class=\"wp-image-182\" srcset=\"https:\/\/www.heritageccomcuneo.it\/wp-content\/uploads\/2022\/09\/image-14.png 326w, https:\/\/www.heritageccomcuneo.it\/wp-content\/uploads\/2022\/09\/image-14-211x300.png 211w\" sizes=\"auto, (max-width: 326px) 100vw, 326px\" \/><\/figure>\n\n\n\n<figure class=\"wp-block-image size-full\"><img loading=\"lazy\" decoding=\"async\" width=\"649\" height=\"459\" src=\"https:\/\/www.heritageccomcuneo.it\/wp-content\/uploads\/2022\/09\/image-15.png\" alt=\"\" class=\"wp-image-183\" srcset=\"https:\/\/www.heritageccomcuneo.it\/wp-content\/uploads\/2022\/09\/image-15.png 649w, https:\/\/www.heritageccomcuneo.it\/wp-content\/uploads\/2022\/09\/image-15-300x212.png 300w\" sizes=\"auto, (max-width: 649px) 100vw, 649px\" \/><\/figure>\n<\/div>\n\n\n\n<figure class=\"wp-block-image size-full\"><img loading=\"lazy\" decoding=\"async\" width=\"1003\" height=\"738\" src=\"https:\/\/www.heritageccomcuneo.it\/wp-content\/uploads\/2022\/09\/image-16.png\" alt=\"\" class=\"wp-image-184\" srcset=\"https:\/\/www.heritageccomcuneo.it\/wp-content\/uploads\/2022\/09\/image-16.png 1003w, https:\/\/www.heritageccomcuneo.it\/wp-content\/uploads\/2022\/09\/image-16-300x221.png 300w, https:\/\/www.heritageccomcuneo.it\/wp-content\/uploads\/2022\/09\/image-16-768x565.png 768w\" sizes=\"auto, (max-width: 1003px) 100vw, 1003px\" \/><\/figure>\n","protected":false},"excerpt":{"rendered":"<p>Tra gli antichi mestieri maggiormente documentati ritroviamo i \u201ccommercianti ambulanti di pesce salato\u201d o anche detti \u201cacciugai\u201d, dipendeva dalla zona. Le prime notizie relative al commercio ambulante di pesce salato, conservato e secco, si trovano a Castelmagno, in Valle Grana; molti dei documenti conservati dalla Camera di commercio (per la precisione 28 pratiche) si riferiscono [&hellip;]<\/p>\n","protected":false},"author":1,"featured_media":231,"parent":0,"menu_order":0,"comment_status":"closed","ping_status":"closed","template":"templates\/template-cover.php","meta":{"footnotes":""},"class_list":["post-167","page","type-page","status-publish","has-post-thumbnail","hentry"],"_links":{"self":[{"href":"https:\/\/www.heritageccomcuneo.it\/index.php?rest_route=\/wp\/v2\/pages\/167","targetHints":{"allow":["GET"]}}],"collection":[{"href":"https:\/\/www.heritageccomcuneo.it\/index.php?rest_route=\/wp\/v2\/pages"}],"about":[{"href":"https:\/\/www.heritageccomcuneo.it\/index.php?rest_route=\/wp\/v2\/types\/page"}],"author":[{"embeddable":true,"href":"https:\/\/www.heritageccomcuneo.it\/index.php?rest_route=\/wp\/v2\/users\/1"}],"replies":[{"embeddable":true,"href":"https:\/\/www.heritageccomcuneo.it\/index.php?rest_route=%2Fwp%2Fv2%2Fcomments&post=167"}],"version-history":[{"count":7,"href":"https:\/\/www.heritageccomcuneo.it\/index.php?rest_route=\/wp\/v2\/pages\/167\/revisions"}],"predecessor-version":[{"id":585,"href":"https:\/\/www.heritageccomcuneo.it\/index.php?rest_route=\/wp\/v2\/pages\/167\/revisions\/585"}],"wp:featuredmedia":[{"embeddable":true,"href":"https:\/\/www.heritageccomcuneo.it\/index.php?rest_route=\/wp\/v2\/media\/231"}],"wp:attachment":[{"href":"https:\/\/www.heritageccomcuneo.it\/index.php?rest_route=%2Fwp%2Fv2%2Fmedia&parent=167"}],"curies":[{"name":"wp","href":"https:\/\/api.w.org\/{rel}","templated":true}]}}