{"id":2,"date":"2021-09-09T11:42:41","date_gmt":"2021-09-09T09:42:41","guid":{"rendered":"http:\/\/acta.arkiloko.cloud\/wpcc\/?page_id=2"},"modified":"2024-12-16T17:27:22","modified_gmt":"2024-12-16T16:27:22","slug":"osservatorio","status":"publish","type":"page","link":"https:\/\/www.heritageccomcuneo.it\/?page_id=2","title":{"rendered":"7. Osservatorio meteorologico"},"content":{"rendered":"\n<p>Dal 1951 la Camera di Commercio di Cuneo gestisce un proprio Osservatorio meteorologico (non dipendente dall\u2019Aeronautica militare) e produce sistematicamente una serie di preziose informazioni sul clima di Cuneo.<\/p>\n\n\n\n<figure class=\"wp-block-image size-full\"><img loading=\"lazy\" decoding=\"async\" width=\"643\" height=\"444\" src=\"https:\/\/www.heritageccomcuneo.it\/wp-content\/uploads\/2021\/11\/image.png\" alt=\"\" class=\"wp-image-67\" srcset=\"https:\/\/www.heritageccomcuneo.it\/wp-content\/uploads\/2021\/11\/image.png 643w, https:\/\/www.heritageccomcuneo.it\/wp-content\/uploads\/2021\/11\/image-300x207.png 300w\" sizes=\"auto, (max-width: 643px) 100vw, 643px\" \/><\/figure>\n\n\n\n<p>Le prime osservazioni della situazione meteorologica sul clima di Cuneo ebbero inizio, con un buon livello di continuit\u00e0, il 1\u00b0 dicembre 1876. Le registrazioni venivano effettuate tre volte al giorno: alle 9, alle 15 e alle 21. Il giorno successivo i dati venivano inviati tramite un \u201ctelegramma meteorico\u201d all\u2019ufficio centrale di meteorologia agraria di Roma, che alle 15 di ogni giorno un telegramma con le previsioni per le successive 24 ore in Europa. Il comunicato veniva affisso alla bacheca dell\u2019ufficio telegrafico della citt\u00e0. Una scheda mensile veniva trasmessa anche all\u2019ufficio idrometrico del Regio ispettorato compartimentale del Po \u2013 ufficio idrografico di Parma al quale venivano anche segnalate le grandi e persistenti piogge, a causa delle piene del Po.<\/p>\n\n\n\n<p>Un tempo l\u2019Osservatorio meteorologico di Cuneo era installato in un locale ricavato nel campanile della chiesa di Santa Chiara in via Cacciatori delle Alpi, nel centro storico. Dal 1876 al 1926 il servizio fu continuativo, dal 1926 al 1940 saltuario e durante la guerra fu sospeso fino al 1951, quando, come detto, viene preso in gestione dalla Camera di commercio di Cuneo e trasferito presso la sede di via Emanuele Filiberto n.3. Gli strumenti, tutti rinnovati, furono collocati in parte sul terrazzo e in parte in un ufficio dedicato.<\/p>\n\n\n\n<figure class=\"wp-block-image size-full\"><img loading=\"lazy\" decoding=\"async\" width=\"643\" height=\"500\" src=\"https:\/\/www.heritageccomcuneo.it\/wp-content\/uploads\/2021\/11\/image-1.png\" alt=\"\" class=\"wp-image-69\" srcset=\"https:\/\/www.heritageccomcuneo.it\/wp-content\/uploads\/2021\/11\/image-1.png 643w, https:\/\/www.heritageccomcuneo.it\/wp-content\/uploads\/2021\/11\/image-1-300x233.png 300w\" sizes=\"auto, (max-width: 643px) 100vw, 643px\" \/><\/figure>\n\n\n\n<figure class=\"wp-block-image size-full\"><img loading=\"lazy\" decoding=\"async\" width=\"643\" height=\"813\" src=\"https:\/\/www.heritageccomcuneo.it\/wp-content\/uploads\/2021\/11\/image-2.png\" alt=\"\" class=\"wp-image-70\" srcset=\"https:\/\/www.heritageccomcuneo.it\/wp-content\/uploads\/2021\/11\/image-2.png 643w, https:\/\/www.heritageccomcuneo.it\/wp-content\/uploads\/2021\/11\/image-2-237x300.png 237w\" sizes=\"auto, (max-width: 643px) 100vw, 643px\" \/><\/figure>\n\n\n\n<figure class=\"wp-block-image size-full\"><img loading=\"lazy\" decoding=\"async\" width=\"643\" height=\"467\" src=\"https:\/\/www.heritageccomcuneo.it\/wp-content\/uploads\/2021\/11\/image-3.png\" alt=\"\" class=\"wp-image-71\" srcset=\"https:\/\/www.heritageccomcuneo.it\/wp-content\/uploads\/2021\/11\/image-3.png 643w, https:\/\/www.heritageccomcuneo.it\/wp-content\/uploads\/2021\/11\/image-3-300x218.png 300w\" sizes=\"auto, (max-width: 643px) 100vw, 643px\" \/><\/figure>\n\n\n\n<figure class=\"wp-block-image size-full\"><img loading=\"lazy\" decoding=\"async\" width=\"643\" height=\"509\" src=\"https:\/\/www.heritageccomcuneo.it\/wp-content\/uploads\/2021\/11\/image-4.png\" alt=\"\" class=\"wp-image-72\" srcset=\"https:\/\/www.heritageccomcuneo.it\/wp-content\/uploads\/2021\/11\/image-4.png 643w, https:\/\/www.heritageccomcuneo.it\/wp-content\/uploads\/2021\/11\/image-4-300x237.png 300w\" sizes=\"auto, (max-width: 643px) 100vw, 643px\" \/><\/figure>\n\n\n\n<figure class=\"wp-block-image size-full\"><img loading=\"lazy\" decoding=\"async\" width=\"643\" height=\"471\" src=\"https:\/\/www.heritageccomcuneo.it\/wp-content\/uploads\/2021\/11\/image-5.png\" alt=\"\" class=\"wp-image-73\" srcset=\"https:\/\/www.heritageccomcuneo.it\/wp-content\/uploads\/2021\/11\/image-5.png 643w, https:\/\/www.heritageccomcuneo.it\/wp-content\/uploads\/2021\/11\/image-5-300x220.png 300w\" sizes=\"auto, (max-width: 643px) 100vw, 643px\" \/><\/figure>\n\n\n\n<p>Dalle rilevazioni che vanno dal 1877 al 1926 e poi dal 1951 al 1985 si evince il seguente grafico nel quale vediamo che le medie annue sono piuttosto equilibrate anche se nelle massime e nelle minime notiamo picchi sia di freddo sia di caldo; per esempio nel 1893 la minima \u00e8 scesa a -12 e nel 1902 la massima \u00e8 salita a 36,2, nel 1954 la minima ha toccato i -16 mentre la massima solo nel 1983 \u00e8 salita a 34,9 (questo dato nel grafico non \u00e8 riportato perch\u00e9 dal 1954 al 1984 si \u00e8 scelto di inserire i dati di un anno ogni dieci).<\/p>\n\n\n\n<figure class=\"wp-block-image size-full\"><img loading=\"lazy\" decoding=\"async\" width=\"576\" height=\"336\" src=\"https:\/\/www.heritageccomcuneo.it\/wp-content\/uploads\/2021\/11\/image-6.png\" alt=\"\" class=\"wp-image-74\" srcset=\"https:\/\/www.heritageccomcuneo.it\/wp-content\/uploads\/2021\/11\/image-6.png 576w, https:\/\/www.heritageccomcuneo.it\/wp-content\/uploads\/2021\/11\/image-6-300x175.png 300w\" sizes=\"auto, (max-width: 576px) 100vw, 576px\" \/><\/figure>\n\n\n\n<figure class=\"wp-block-image size-full\"><img loading=\"lazy\" decoding=\"async\" width=\"643\" height=\"492\" src=\"https:\/\/www.heritageccomcuneo.it\/wp-content\/uploads\/2021\/11\/image-7.png\" alt=\"\" class=\"wp-image-75\" srcset=\"https:\/\/www.heritageccomcuneo.it\/wp-content\/uploads\/2021\/11\/image-7.png 643w, https:\/\/www.heritageccomcuneo.it\/wp-content\/uploads\/2021\/11\/image-7-300x230.png 300w\" sizes=\"auto, (max-width: 643px) 100vw, 643px\" \/><\/figure>\n\n\n\n<p>I tipi di venti: brezze, calme, tramontana, libeccio, scirocco, maestrale, fohn.<\/p>\n\n\n\n<figure class=\"wp-block-image size-full\"><img decoding=\"async\" src=\"https:\/\/www.heritageccomcuneo.it\/wp-content\/uploads\/2021\/11\/image-8.png\" alt=\"\" class=\"wp-image-76\"\/><\/figure>\n\n\n\n<p>La pioggia pu\u00f2 essere normale, minuta, temporalesca. La quantit\u00e0 di pioggia che cade in un certo tempo su una certa localit\u00e0 si esprime in mm. gli strumenti che la misurano sono i pluviometri e i pluviografi.<\/p>\n\n\n\n<figure class=\"wp-block-image size-full\"><img loading=\"lazy\" decoding=\"async\" width=\"643\" height=\"465\" src=\"https:\/\/www.heritageccomcuneo.it\/wp-content\/uploads\/2021\/11\/image-9.png\" alt=\"\" class=\"wp-image-77\" srcset=\"https:\/\/www.heritageccomcuneo.it\/wp-content\/uploads\/2021\/11\/image-9.png 643w, https:\/\/www.heritageccomcuneo.it\/wp-content\/uploads\/2021\/11\/image-9-300x217.png 300w\" sizes=\"auto, (max-width: 643px) 100vw, 643px\" \/><\/figure>\n\n\n\n<p>Altri fenomeni possibili sono la neve, la rugiada, la brina, la galaverna, la grandine, la nebbia, la foschia.<\/p>\n\n\n\n<p>La neve a Cuneo \u00e8 sempre caduta abbondante: negli anni Settanta da cm. 75 a cm.263. Nel 1895 ci fu un record: cm. 355 e anche nel 1985-86 come mostrano le 3 fotografie seguenti scattate a Cuneo citt\u00e0 (piazza Galimberti e corso Nizza di giorno e di notte):<\/p>\n\n\n\n<figure class=\"wp-block-image size-full\"><img loading=\"lazy\" decoding=\"async\" width=\"643\" height=\"436\" src=\"https:\/\/www.heritageccomcuneo.it\/wp-content\/uploads\/2021\/11\/image-10.png\" alt=\"\" class=\"wp-image-78\" srcset=\"https:\/\/www.heritageccomcuneo.it\/wp-content\/uploads\/2021\/11\/image-10.png 643w, https:\/\/www.heritageccomcuneo.it\/wp-content\/uploads\/2021\/11\/image-10-300x203.png 300w\" sizes=\"auto, (max-width: 643px) 100vw, 643px\" \/><\/figure>\n\n\n\n<figure class=\"wp-block-image size-full\"><img loading=\"lazy\" decoding=\"async\" width=\"643\" height=\"434\" src=\"https:\/\/www.heritageccomcuneo.it\/wp-content\/uploads\/2021\/11\/image-11.png\" alt=\"\" class=\"wp-image-79\" srcset=\"https:\/\/www.heritageccomcuneo.it\/wp-content\/uploads\/2021\/11\/image-11.png 643w, https:\/\/www.heritageccomcuneo.it\/wp-content\/uploads\/2021\/11\/image-11-300x202.png 300w\" sizes=\"auto, (max-width: 643px) 100vw, 643px\" \/><\/figure>\n\n\n\n<figure class=\"wp-block-image size-full\"><img loading=\"lazy\" decoding=\"async\" width=\"643\" height=\"426\" src=\"https:\/\/www.heritageccomcuneo.it\/wp-content\/uploads\/2021\/11\/image-12.png\" alt=\"\" class=\"wp-image-80\" srcset=\"https:\/\/www.heritageccomcuneo.it\/wp-content\/uploads\/2021\/11\/image-12.png 643w, https:\/\/www.heritageccomcuneo.it\/wp-content\/uploads\/2021\/11\/image-12-300x199.png 300w\" sizes=\"auto, (max-width: 643px) 100vw, 643px\" \/><\/figure>\n\n\n\n<p>Le nubi sono ammassi di goccioline d\u2019acqua in sospensione nell\u2019atmosfera che si muovono lentamente o rapidamente in orizzontale o in verticale. Secondo l\u2019atlante internazionale delle nuvole e degli strati del cielo si possono distinguere: nubi alte, nubi medie, nubi basse, nubi a sviluppo verticale; alle nubi alte appartengono i cirri, i cirrostrati, i cirrocumuli; alle nubi media: gli alto strati e gli alto cumuli; alle nubi basse: gli strato cumuli, i nembi e gli strati. Alle nubi verticali appartengono: i cumuli nembi e i cumuli.<\/p>\n\n\n\n<figure class=\"wp-block-image size-full\"><img loading=\"lazy\" decoding=\"async\" width=\"643\" height=\"870\" src=\"https:\/\/www.heritageccomcuneo.it\/wp-content\/uploads\/2021\/11\/image-13.png\" alt=\"\" class=\"wp-image-81\" srcset=\"https:\/\/www.heritageccomcuneo.it\/wp-content\/uploads\/2021\/11\/image-13.png 643w, https:\/\/www.heritageccomcuneo.it\/wp-content\/uploads\/2021\/11\/image-13-222x300.png 222w\" sizes=\"auto, (max-width: 643px) 100vw, 643px\" \/><\/figure>\n","protected":false},"excerpt":{"rendered":"<p>Dal 1951 la Camera di Commercio di Cuneo gestisce un proprio Osservatorio meteorologico (non dipendente dall\u2019Aeronautica militare) e produce sistematicamente una serie di preziose informazioni sul clima di Cuneo. Le prime osservazioni della situazione meteorologica sul clima di Cuneo ebbero inizio, con un buon livello di continuit\u00e0, il 1\u00b0 dicembre 1876. Le registrazioni venivano effettuate [&hellip;]<\/p>\n","protected":false},"author":1,"featured_media":153,"parent":0,"menu_order":0,"comment_status":"closed","ping_status":"closed","template":"templates\/template-cover.php","meta":{"footnotes":""},"class_list":["post-2","page","type-page","status-publish","has-post-thumbnail","hentry"],"_links":{"self":[{"href":"https:\/\/www.heritageccomcuneo.it\/index.php?rest_route=\/wp\/v2\/pages\/2","targetHints":{"allow":["GET"]}}],"collection":[{"href":"https:\/\/www.heritageccomcuneo.it\/index.php?rest_route=\/wp\/v2\/pages"}],"about":[{"href":"https:\/\/www.heritageccomcuneo.it\/index.php?rest_route=\/wp\/v2\/types\/page"}],"author":[{"embeddable":true,"href":"https:\/\/www.heritageccomcuneo.it\/index.php?rest_route=\/wp\/v2\/users\/1"}],"replies":[{"embeddable":true,"href":"https:\/\/www.heritageccomcuneo.it\/index.php?rest_route=%2Fwp%2Fv2%2Fcomments&post=2"}],"version-history":[{"count":7,"href":"https:\/\/www.heritageccomcuneo.it\/index.php?rest_route=\/wp\/v2\/pages\/2\/revisions"}],"predecessor-version":[{"id":583,"href":"https:\/\/www.heritageccomcuneo.it\/index.php?rest_route=\/wp\/v2\/pages\/2\/revisions\/583"}],"wp:featuredmedia":[{"embeddable":true,"href":"https:\/\/www.heritageccomcuneo.it\/index.php?rest_route=\/wp\/v2\/media\/153"}],"wp:attachment":[{"href":"https:\/\/www.heritageccomcuneo.it\/index.php?rest_route=%2Fwp%2Fv2%2Fmedia&parent=2"}],"curies":[{"name":"wp","href":"https:\/\/api.w.org\/{rel}","templated":true}]}}