{"id":3,"date":"2021-09-09T11:42:41","date_gmt":"2021-09-09T09:42:41","guid":{"rendered":"http:\/\/acta.arkiloko.cloud\/wpcc\/?page_id=3"},"modified":"2022-02-06T08:33:04","modified_gmt":"2022-02-06T07:33:04","slug":"privacy-policy","status":"publish","type":"page","link":"https:\/\/www.heritageccomcuneo.it\/?page_id=3","title":{"rendered":"Privacy policy"},"content":{"rendered":"\n<p><strong>INFORMATIVE AI SENSI DELL\u2019ART. 13 DEL REGOLAMENTO UE N. 679\/2016 relativo alla protezione dei dati personali<\/strong><\/p>\n\n\n\n<p>Gentile visitatore, questa pagina intende fornirle tutte le indicazioni previste dall\u2019art. 13<br>del Regolamento (UE) 2016\/679 (anche detto GDPR o Regolamento Generale per la Protezione dei Dati personali), in merito al trattamento dei dati personali dei visitatori del presente sito internet.<br><br>L&#8217;informativa \u00e8 resa solo per coloro che interagiscono con i servizi web della Camera di commercio di Cuneo, accessibili per via telematica a partire dall&#8217;indirizzo<a href=\"http:\/\/www.cn.camcom.gov.it\/HomePage\/view_html\">&nbsp;<\/a><a href=\"https:\/\/www.cn.camcom.it\/\" target=\"_blank\" rel=\"noreferrer noopener\">https:\/\/www.cn.camcom.it\/<\/a>&nbsp;(pagina iniziale del sito ufficiale del sito istituzionale della Camera di commercio di Cuneo) e non per altri siti, pagine o servizi online raggiungibili tramite link ipertestuali pubblicati in questo sito internet.<\/p>\n\n\n\n<p><br><strong>1. Titolare del trattamento<\/strong><\/p>\n\n\n\n<p>Titolare del trattamento \u00e8 la Camera di commercio, industria, artigianato e agricoltura di Cuneo, con sede in Cuneo, via Emanuele Filiberto n. 3 &#8211; tel. 0171 318711 &#8211;&nbsp;<a href=\"mailto:protocollo@cn.legalmail.camcom.it\">protocollo@cn.legalmail.camcom.it<\/a><br>Responsabili della sicurezza informatica dei dati e dei relativi trattamenti sono la Camera di commercio di Cuneo e la Societ\u00e0 consortile Infocamere.<strong>2. DPO &#8211; Data Protection Officer<br>&nbsp;&nbsp;&nbsp; RPD &#8211; Responsabile della protezione dei dati personali<\/strong><\/p>\n\n\n\n<p>La Camera di commercio di Cuneo, in qualit\u00e0 di Titolare del trattamento, ha provveduto a nominare il proprio DPO, Data Protection Officer (nella traduzione italiana RPD, Responsabile della protezione dei dati personali), ai sensi degli artt. 37 e ss. del GDPR e al fine di tutelare meglio gli interessati.<\/p>\n\n\n\n<p>I contatti del DPO (RPD \u2013 responsabile della protezione dei dati personali) sono i seguenti:<\/p>\n\n\n\n<p>pec:&nbsp;<a href=\"mailto:segreteriaunioncamerepiemonte@legalmail.it\">segreteriaunioncamerepiemonte@legalmail.it<\/a><\/p>\n\n\n\n<p>Email:&nbsp;<a href=\"mailto:rpd1@pie.camcom.it\">rpd1@pie.camcom.it<\/a>Telefono: 011 5669201<\/p>\n\n\n\n<p><strong>3. Finalit\u00e0 e basi giuridiche del trattamento<\/strong><\/p>\n\n\n\n<p>A seguito della consultazione di questo sito possono essere trattati dati relativi a persone identificate o identificabili I dati personali trattati durante la navigazione del sito sono destinati alle seguenti finalit\u00e0:<br>1) al corretto funzionamento tecnico del sito, in adempimento ai compiti di interesse pubblico assegnati al Titolare dalla vigente normativa;<br>2) alla gestione delle richieste di informazioni pervenute dai visitatori attraverso la compilazione dei form elettronici presenti nelle pagine del sito, oppure tramite gli indirizzi email degli uffici e\/o del personale, in adempimento ai compiti di interesse pubblico assegnati al Titolare dalla vigente normativa;<br>3) esclusivamente dietro suo espresso consenso (e sulla base di esso), all\u2019attivazione del servizio di newsletter, avente carattere informativo e promozionale di servizi, attivit\u00e0, eventi e altre iniziative realizzate dalla Camera di commercio di Cuneo e dalla sua azienda speciale Centro estero Alpi del mare.La base giuridica per l\u2019acquisizione e successivo trattamento dei dati \u00e8 lo svolgimento di funzioni istituzionali (compito di interesse pubblico, art. 6, par. 1, lett. e del GDPR) e pertanto non necessita del consenso.<\/p>\n\n\n\n<p><strong>4. Dati di navigazione<\/strong><\/p>\n\n\n\n<p>I sistemi informatici e le procedure software preposte al funzionamento di questo sito web acquisiscono, nel corso del loro normale esercizio, alcuni dati personali la cui trasmissione \u00e8 implicita nell&#8217;uso dei protocolli di comunicazione di Internet.<\/p>\n\n\n\n<p>In questa categoria di dati rientrano gli indirizzi IP o i nomi a dominio dei computer e dei terminali utilizzati dagli utenti, gli indirizzi in notazione URI\/URL (Uniform Resource Identifier\/Locator) delle risorse richieste, l\u2019orario della richiesta, il metodo utilizzato nel sottoporre la richiesta al server, la dimensione del file ottenuto in risposta, il codice numerico indicante lo stato della risposta data dal server (buon fine, errore, ecc.) e altri parametri relativi al sistema operativo e all\u2019ambiente informatico dell&#8217;utente.<\/p>\n\n\n\n<p>I dati potrebbero essere utilizzati per l&#8217;accertamento di responsabilit\u00e0 in caso di ipotetici reati informatici ai danni del sito.<br><br>Non viene fatto uso di cookies durante la navigazione del sito per la trasmissione di informazioni di carattere personale (vedere al proposito le&nbsp;<a href=\"http:\/\/www.cn.camcom.gov.it\/it\/note-legali\" target=\"_blank\" rel=\"noreferrer noopener\"><strong>Note legali<\/strong><\/a>). &nbsp;<br>&nbsp;<\/p>\n\n\n\n<p><strong>5. Autorizzati, Responsabili del trattamento e Destinatari dei dati personali<\/strong><\/p>\n\n\n\n<p>I dati personali sono trattati da personale dipendente della Camera di commercio di Cuneo previamente autorizzato al trattamento e appositamente istruito e formato.<\/p>\n\n\n\n<p>Sia i dati di navigazione che quelli forniti volontariamente dall\u2019utente utilizzando i form di contatto presenti sul sito, oppure scrivendo messaggi email agli indirizzi camerali pubblicati, possono essere comunicati a soggetti esterni formalmente nominati dalla Camera di comemrcio di Cuneo quali Responsabili del trattamento ed appartenenti alle seguenti categorie:<\/p>\n\n\n\n<ul class=\"wp-block-list\"><li>societ\u00e0 che erogano servizi di manutenzione del Sito e dei sistemi informatici;<\/li><li>societ\u00e0 che erogano servizi di comunicazioni telematiche e, in particolar modo, di posta elettronica;<\/li><li>societ\u00e0 che svolgono servizi di gestione e manutenzione dei database del Titolare.<\/li><\/ul>\n\n\n\n<p>La Camera di commercio garantisce che il trattamento dei dati personali di coloro che accedono al sito (forniti mediante posta elettronica o moduli elettronici, anche in sede di registrazione) \u00e8 conforme a quanto disposto dal Regolamento UE n. 679\/2016.<\/p>\n\n\n\n<p><strong>6. Natura del conferimento dei dati e conseguenze dell\u2019eventuale mancato conferimento<\/strong><br>Per la finalit\u00e0 di cui al punto 3, numero 1, il conferimento dei dati \u00e8 necessario e non opzionabile.<\/p>\n\n\n\n<p>Per la finalit\u00e0 di cui al punto 3, numero 2, il conferimento dei dati \u00e8 necessario con riferimento ai campi dei form contrassegnati da un asterisco (*). Il mancato conferimento dei dati necessari comporta l\u2019impossibilit\u00e0 di inoltrare la richiesta del visitatore o di darvi seguito. Il mancato conferimento dei dati facoltativi potrebbe comportare una risposta meno precisa e circostanziata, oppure una maggiore difficolt\u00e0 nel poter ricontattare l\u2019Interessato per avere maggiori dettagli in merito alla richiesta.<\/p>\n\n\n\n<p>Per la finalit\u00e0 di cui al punto 3, numero 3, il conferimento dei dati \u00e8 necessario all\u2019iscrizione (di per s\u00e9 del tutto facoltativa e in ogni caso revocabile in qualunque momento) alla newsletter. Ne consegue che il mancato conferimento dei dati richiesti all\u2019atto dell\u2019iscrizione \u2013 o del consenso al loro trattamento \u2013 impedisce l\u2019iscrizione stessa.<\/p>\n\n\n\n<p><strong>7. Trasferimento di dati in Paesi extra-UE<\/strong><br>Con riferimento al trattamento effettuato per la finalit\u00e0 di cui al punto 3, numero 2), la Camera di commercio di Cuneo pu\u00f2 avvalersi, anche per il tramite dei propri Responsabili del trattamento, di societ\u00e0 di servizi di comunicazione telematica e, in particolar modo, di posta elettronica, che potrebbero far transitare i messaggi e le informazioni personali degli utenti anche in Paesi non appartenenti all\u2019Unione europea, o che in tali Paesi potrebbero salvare copie di backup dei dati, al fine di limitare i rischi connessi ad eventuali perdite di dati.<br>Dette societ\u00e0 di servizi sono selezionate per affidabilit\u00e0, sicurezza e rispetto della normativa nazionale ed europea in materia di trattamento dei dati personali.<br>Il trasferimento all\u2019estero cos\u00ec effettuato \u00e8 in linea con tale normativa, poich\u00e9 attuato solo verso Paesi (o settori di questi) che sono stati oggetto di una decisione di adeguatezza e che, dunque, garantiscono un livello adeguato di protezione dei dati personali, oppure sulla base di clausole contrattuali tipo validate da un\u2019Autorit\u00e0 di controllo europea e conformi ai modelli proposti dalla Commissione con Decisione 2010\/87\/UE.<br>Con specifico riferimento agli Stati Uniti d\u2019America, l\u2019eventuale trasferimento di dati in tale Paese viene effettuato esclusivamente verso societ\u00e0 certificate ai sensi del Privacy Shield, accordo che impone alle imprese U.S.A. obblighi stringenti di tutela dei dati personali dei cittadini europei e soggette al controllo delle Autorit\u00e0 statunitensi.<\/p>\n\n\n\n<p><br><strong>8. I suoi diritti<\/strong><\/p>\n\n\n\n<p>Il Regolamento (UE) 2016\/679 le riconosce, in qualit\u00e0 di Interessato, diversi diritti, che pu\u00f2 esercitare contattando il Titolare o il DPO.<br>Tra i diritti esercitabili, purch\u00e9 ne ricorrano i presupposti di volta in volta previsti dalla normativa (in particolare, artt. 15 e seguenti del Regolamento) l&#8217;interessato pu\u00f2 in qualsiasi momento:<\/p>\n\n\n\n<ul class=\"wp-block-list\"><li>revocare il consenso prestato (senza pregiudicare la liceit\u00e0 del trattamento precedente alla revoca)<\/li><li>richiedere al titolare del trattamento l&#8217;accesso ai dati personali, la rettifica, l&#8217;integrazione o la cancellazione degli stessi o la limitazione del trattamento<\/li><li>Il diritto di opposizione si esercita mediante la richiesta di cancellazione o la revoca del consenso.<\/li><\/ul>\n\n\n\n<p>I citati diritti sono esercitabili facendo riferimento ai seguenti contatti.<\/p>\n\n\n\n<p><strong>I<\/strong><strong>l titolare del trattamento e relativi dati di contatto:<\/strong><br>Il Titolare del trattamento \u00e8 la Camera di commercio di Cuneo, con sede legale in Cuneo in Via E. Filiberto n. 3.<br>Telefono: 0171 318 722<br>email:&nbsp;<a href=\"mailto:urp@cn.camcom.it\">urp@cn.camcom.it<\/a>&nbsp;&nbsp;&nbsp;&nbsp; PEC:&nbsp;<a href=\"mailto:protocollo@cn.legalmail.camcom.it\">protocollo@cn.legalmail.camcom.it<\/a>.<\/p>\n\n\n\n<p><strong>Il responsabile della protezione dei dati personali e relativi dati di contatto:<\/strong><br>La Camera di Commercio di Cuneo, in qualit\u00e0 di Titolare del trattamento, ha provveduto a nominare il proprio Responsabile della Protezione dei dati Personali (di seguito anche DPO\/Data Protection Officer) ai sensi degli artt. 37 e ss. del GDPR.<\/p>\n\n\n\n<p>I contatti del DPO (RPD \u2013 responsabile della protezione dei dati personali) sono i seguenti:<\/p>\n\n\n\n<p>pec:&nbsp;<a href=\"mailto:segreteriaunioncamerepiemonte@legalmail.it\">se<\/a><a href=\"mailto:segreteriaunioncamerepiemonte@legalmail.it\">greteriaunioncamerepiemonte@legalmail.it<\/a><\/p>\n\n\n\n<p>Email:&nbsp;<a href=\"mailto:rpd1@pie.camcom.it\">rpd1@pie.camcom.it<\/a><\/p>\n\n\n\n<p>Telefono: 011 5669201<br>&nbsp;<\/p>\n\n\n\n<p><strong>Diritto di reclamo all&#8217;autorit\u00e0 di controllo<\/strong><br>Il soggetto interessato ha diritto di presentare reclamo all\u2019Autorit\u00e0 di controllo:<br>Garante per la protezione dei dati personali<br><a href=\"http:\/\/www.garanteprivacy.it\/\">www.garanteprivacy.it<\/a><\/p>\n","protected":false},"excerpt":{"rendered":"<p>INFORMATIVE AI SENSI DELL\u2019ART. 13 DEL REGOLAMENTO UE N. 679\/2016 relativo alla protezione dei dati personali Gentile visitatore, questa pagina intende fornirle tutte le indicazioni previste dall\u2019art. 13del Regolamento (UE) 2016\/679 (anche detto GDPR o Regolamento Generale per la Protezione dei Dati personali), in merito al trattamento dei dati personali dei visitatori del presente sito [&hellip;]<\/p>\n","protected":false},"author":1,"featured_media":0,"parent":0,"menu_order":0,"comment_status":"closed","ping_status":"open","template":"","meta":{"footnotes":""},"class_list":["post-3","page","type-page","status-publish","hentry"],"_links":{"self":[{"href":"https:\/\/www.heritageccomcuneo.it\/index.php?rest_route=\/wp\/v2\/pages\/3","targetHints":{"allow":["GET"]}}],"collection":[{"href":"https:\/\/www.heritageccomcuneo.it\/index.php?rest_route=\/wp\/v2\/pages"}],"about":[{"href":"https:\/\/www.heritageccomcuneo.it\/index.php?rest_route=\/wp\/v2\/types\/page"}],"author":[{"embeddable":true,"href":"https:\/\/www.heritageccomcuneo.it\/index.php?rest_route=\/wp\/v2\/users\/1"}],"replies":[{"embeddable":true,"href":"https:\/\/www.heritageccomcuneo.it\/index.php?rest_route=%2Fwp%2Fv2%2Fcomments&post=3"}],"version-history":[{"count":2,"href":"https:\/\/www.heritageccomcuneo.it\/index.php?rest_route=\/wp\/v2\/pages\/3\/revisions"}],"predecessor-version":[{"id":99,"href":"https:\/\/www.heritageccomcuneo.it\/index.php?rest_route=\/wp\/v2\/pages\/3\/revisions\/99"}],"wp:attachment":[{"href":"https:\/\/www.heritageccomcuneo.it\/index.php?rest_route=%2Fwp%2Fv2%2Fmedia&parent=3"}],"curies":[{"name":"wp","href":"https:\/\/api.w.org\/{rel}","templated":true}]}}