{"id":305,"date":"2022-10-08T13:21:41","date_gmt":"2022-10-08T11:21:41","guid":{"rendered":"http:\/\/acta.arkiloko.cloud\/wpcc\/?page_id=305"},"modified":"2025-02-11T12:35:44","modified_gmt":"2025-02-11T11:35:44","slug":"impreseantiche","status":"publish","type":"page","link":"https:\/\/www.heritageccomcuneo.it\/?page_id=305","title":{"rendered":"4. Tracce delle imprese del passato: esempi dai settori tessile e alimentare"},"content":{"rendered":"\n<p>Il Cuneese ha molte importanti imprese storiche, alcune anche con la sede principale altrove (Torino, Imperia, Milano e Como), ma con importanti succursali in comuni della provincia; alcune di esse sono ancora attive, mentre altre non lo sono pi\u00f9 ormai da tempo.<\/p>\n\n\n\n<p>Tra quelle attive e molto famose ci sono le aziende centenarie che sono presentate nella pagina loro dedicata.<\/p>\n\n\n\n<p>In questa pagina, dunque, si raccontano imprese antiche, ma ormai chiuse o trasferite. Si propone qui qualche esempio per settori.<\/p>\n\n\n\n<p>Un settore che \u00e8 stato di straordinaria importanza nel Cuneese, fino alla met\u00e0 del Novecento, \u00e8 quello <strong>tessile<\/strong>. <\/p>\n\n\n\n<p>La pubblicazione \u201cStatistica industriale. Le industrie tessili nella provincia di Cuneo\u201d, conservata presso la Biblioteca della Camera di commercio di Cuneo, contiene informazioni preziose su numerose antiche aziende del settore.<\/p>\n\n\n\n<figure class=\"wp-block-image size-full\"><img loading=\"lazy\" decoding=\"async\" width=\"383\" height=\"548\" src=\"https:\/\/www.heritageccomcuneo.it\/wp-content\/uploads\/2022\/09\/image-17.png\" alt=\"\" class=\"wp-image-187\" srcset=\"https:\/\/www.heritageccomcuneo.it\/wp-content\/uploads\/2022\/09\/image-17.png 383w, https:\/\/www.heritageccomcuneo.it\/wp-content\/uploads\/2022\/09\/image-17-210x300.png 210w\" sizes=\"auto, (max-width: 383px) 100vw, 383px\" \/><\/figure>\n\n\n\n<figure class=\"wp-block-image size-full\"><img loading=\"lazy\" decoding=\"async\" width=\"490\" height=\"358\" src=\"https:\/\/www.heritageccomcuneo.it\/wp-content\/uploads\/2022\/09\/image-18.png\" alt=\"\" class=\"wp-image-188\" srcset=\"https:\/\/www.heritageccomcuneo.it\/wp-content\/uploads\/2022\/09\/image-18.png 490w, https:\/\/www.heritageccomcuneo.it\/wp-content\/uploads\/2022\/09\/image-18-300x219.png 300w\" sizes=\"auto, (max-width: 490px) 100vw, 490px\" \/><\/figure>\n\n\n\n<figure class=\"wp-block-image size-full\"><img loading=\"lazy\" decoding=\"async\" width=\"486\" height=\"355\" src=\"https:\/\/www.heritageccomcuneo.it\/wp-content\/uploads\/2022\/09\/image-19.png\" alt=\"\" class=\"wp-image-189\" srcset=\"https:\/\/www.heritageccomcuneo.it\/wp-content\/uploads\/2022\/09\/image-19.png 486w, https:\/\/www.heritageccomcuneo.it\/wp-content\/uploads\/2022\/09\/image-19-300x219.png 300w\" sizes=\"auto, (max-width: 486px) 100vw, 486px\" \/><\/figure>\n\n\n\n<p>La seta in particolare era prodotta quasi ovunque nel territorio. Si ricorda la filanda <em>Dumontel et Fils<\/em> di Carr\u00f9, che aveva la sede principale a Torino, ma stabilimenti nei comuni di Carr\u00f9 e di Castelletto Stura; la ditta fu fondata nel 1860 e cambi\u00f2 gestione nel marzo del 1935, quando fu rilevata dalla <em>G\u00e9n\u00e9rale Soie<\/em> di Lione. Nel volumetto di statistica sopra citato si leggono notizie sulla produzione dell&#8217;opificio: \u201clavora bozzoli che acquista nei diversi mercati piemontesi e produce seta grezza e cascami relativi, che esporta nei maggiori centri serici d\u2019Europa e d\u2019America. \u00c9 uno splendido stabilimento che fa onore all\u2019arte serica piemontese\u201d.<\/p>\n\n\n\n<p>Nel Registro imprese \u00e8 presente:<\/p>\n\n\n\n<div class=\"wp-block-group is-nowrap is-layout-flex wp-container-core-group-is-layout-ad2f72ca wp-block-group-is-layout-flex\">\n<figure class=\"wp-block-image size-full\"><img loading=\"lazy\" decoding=\"async\" width=\"349\" height=\"490\" src=\"https:\/\/www.heritageccomcuneo.it\/wp-content\/uploads\/2022\/09\/image-20.png\" alt=\"\" class=\"wp-image-190\" srcset=\"https:\/\/www.heritageccomcuneo.it\/wp-content\/uploads\/2022\/09\/image-20.png 349w, https:\/\/www.heritageccomcuneo.it\/wp-content\/uploads\/2022\/09\/image-20-214x300.png 214w\" sizes=\"auto, (max-width: 349px) 100vw, 349px\" \/><\/figure>\n\n\n\n<figure class=\"wp-block-image size-full\"><img loading=\"lazy\" decoding=\"async\" width=\"334\" height=\"488\" src=\"https:\/\/www.heritageccomcuneo.it\/wp-content\/uploads\/2022\/09\/image-21.png\" alt=\"\" class=\"wp-image-191\" srcset=\"https:\/\/www.heritageccomcuneo.it\/wp-content\/uploads\/2022\/09\/image-21.png 334w, https:\/\/www.heritageccomcuneo.it\/wp-content\/uploads\/2022\/09\/image-21-205x300.png 205w\" sizes=\"auto, (max-width: 334px) 100vw, 334px\" \/><\/figure>\n<\/div>\n\n\n\n<p><\/p>\n\n\n\n<p>Sempre nel Registro imprese si trova la denuncia di esercizio della filanda <em>Fratelli Ceriana<\/em> di Cavallerleone, che nel 1925 produceva &#8220;seta moresca e moresconi&#8221;, tessuti che venivano venduti poi a Torino.<\/p>\n\n\n\n<div class=\"wp-block-group is-nowrap is-layout-flex wp-container-core-group-is-layout-ad2f72ca wp-block-group-is-layout-flex\">\n<figure class=\"wp-block-image size-full\"><img loading=\"lazy\" decoding=\"async\" width=\"313\" height=\"441\" src=\"https:\/\/www.heritageccomcuneo.it\/wp-content\/uploads\/2022\/09\/image-22.png\" alt=\"\" class=\"wp-image-192\" srcset=\"https:\/\/www.heritageccomcuneo.it\/wp-content\/uploads\/2022\/09\/image-22.png 313w, https:\/\/www.heritageccomcuneo.it\/wp-content\/uploads\/2022\/09\/image-22-213x300.png 213w\" sizes=\"auto, (max-width: 313px) 100vw, 313px\" \/><\/figure>\n\n\n\n<figure class=\"wp-block-image size-full\"><img loading=\"lazy\" decoding=\"async\" width=\"314\" height=\"438\" src=\"https:\/\/www.heritageccomcuneo.it\/wp-content\/uploads\/2022\/09\/image-23.png\" alt=\"\" class=\"wp-image-193\" srcset=\"https:\/\/www.heritageccomcuneo.it\/wp-content\/uploads\/2022\/09\/image-23.png 314w, https:\/\/www.heritageccomcuneo.it\/wp-content\/uploads\/2022\/09\/image-23-215x300.png 215w\" sizes=\"auto, (max-width: 314px) 100vw, 314px\" \/><\/figure>\n\n\n\n<figure class=\"wp-block-image size-full\"><img loading=\"lazy\" decoding=\"async\" width=\"313\" height=\"436\" src=\"https:\/\/www.heritageccomcuneo.it\/wp-content\/uploads\/2022\/09\/image-24.png\" alt=\"\" class=\"wp-image-194\" srcset=\"https:\/\/www.heritageccomcuneo.it\/wp-content\/uploads\/2022\/09\/image-24.png 313w, https:\/\/www.heritageccomcuneo.it\/wp-content\/uploads\/2022\/09\/image-24-215x300.png 215w\" sizes=\"auto, (max-width: 313px) 100vw, 313px\" \/><\/figure>\n<\/div>\n\n\n\n<p>Ancora, si trova la denuncia d&#8217;esercizio relativa alla filanda <em>Craponne e Vigan\u00f2<\/em>, fondata nel 1845 produceva seta grezza esportata in Francia, Svizzera, Germania e America, aveva sede a Torino, ma con una succursale ad Alba e un&#8217;altra a Benevagienna.<\/p>\n\n\n\n<div class=\"wp-block-group is-nowrap is-layout-flex wp-container-core-group-is-layout-ad2f72ca wp-block-group-is-layout-flex\">\n<figure class=\"wp-block-image size-full\"><img loading=\"lazy\" decoding=\"async\" width=\"468\" height=\"656\" src=\"https:\/\/www.heritageccomcuneo.it\/wp-content\/uploads\/2022\/09\/image-25.png\" alt=\"\" class=\"wp-image-195\" srcset=\"https:\/\/www.heritageccomcuneo.it\/wp-content\/uploads\/2022\/09\/image-25.png 468w, https:\/\/www.heritageccomcuneo.it\/wp-content\/uploads\/2022\/09\/image-25-214x300.png 214w\" sizes=\"auto, (max-width: 468px) 100vw, 468px\" \/><\/figure>\n\n\n\n<figure class=\"wp-block-image size-full\"><img loading=\"lazy\" decoding=\"async\" width=\"471\" height=\"656\" src=\"https:\/\/www.heritageccomcuneo.it\/wp-content\/uploads\/2022\/09\/image-26.png\" alt=\"\" class=\"wp-image-196\" srcset=\"https:\/\/www.heritageccomcuneo.it\/wp-content\/uploads\/2022\/09\/image-26.png 471w, https:\/\/www.heritageccomcuneo.it\/wp-content\/uploads\/2022\/09\/image-26-215x300.png 215w\" sizes=\"auto, (max-width: 471px) 100vw, 471px\" \/><\/figure>\n<\/div>\n\n\n\n<p>Infine, \u00e8 presente il Setificio e filanda a vapore <em>Eugenio Chicco e C<\/em>. di Torino, ma con stabilimenti a Racconigi e a Cherasco; lavorava seta grezza di propria produzione e produceva organzino esportato in Svizzera e Germania.<\/p>\n\n\n\n<div class=\"wp-block-group is-nowrap is-layout-flex wp-container-core-group-is-layout-ad2f72ca wp-block-group-is-layout-flex\">\n<figure class=\"wp-block-image size-full\"><img loading=\"lazy\" decoding=\"async\" width=\"235\" height=\"330\" src=\"https:\/\/www.heritageccomcuneo.it\/wp-content\/uploads\/2022\/09\/image-27.png\" alt=\"\" class=\"wp-image-197\" srcset=\"https:\/\/www.heritageccomcuneo.it\/wp-content\/uploads\/2022\/09\/image-27.png 235w, https:\/\/www.heritageccomcuneo.it\/wp-content\/uploads\/2022\/09\/image-27-214x300.png 214w\" sizes=\"auto, (max-width: 235px) 100vw, 235px\" \/><\/figure>\n\n\n\n<figure class=\"wp-block-image size-full\"><img loading=\"lazy\" decoding=\"async\" width=\"471\" height=\"334\" src=\"https:\/\/www.heritageccomcuneo.it\/wp-content\/uploads\/2022\/09\/image-28.png\" alt=\"\" class=\"wp-image-198\" srcset=\"https:\/\/www.heritageccomcuneo.it\/wp-content\/uploads\/2022\/09\/image-28.png 471w, https:\/\/www.heritageccomcuneo.it\/wp-content\/uploads\/2022\/09\/image-28-300x213.png 300w\" sizes=\"auto, (max-width: 471px) 100vw, 471px\" \/><\/figure>\n\n\n\n<figure class=\"wp-block-image size-full\"><img loading=\"lazy\" decoding=\"async\" width=\"236\" height=\"332\" src=\"https:\/\/www.heritageccomcuneo.it\/wp-content\/uploads\/2022\/09\/image-29.png\" alt=\"\" class=\"wp-image-199\" srcset=\"https:\/\/www.heritageccomcuneo.it\/wp-content\/uploads\/2022\/09\/image-29.png 236w, https:\/\/www.heritageccomcuneo.it\/wp-content\/uploads\/2022\/09\/image-29-213x300.png 213w\" sizes=\"auto, (max-width: 236px) 100vw, 236px\" \/><\/figure>\n<\/div>\n\n\n\n<p>Restando sempre nel tessile, ma passando dalla seta al cotone, nel Registro imprese si trova la ditta <em>Hofmann<\/em> di Torino, con stabilimento di tessitura e tintoria cotone a Ceva e il <em>Cotonificio di Boves<\/em>, con sede a Boves e a Como, era successo alla ditta <em>Carlo Gerosa &amp; C<\/em>. nel 1912, purtroppo cessato nel 1969.<\/p>\n\n\n\n<figure class=\"wp-block-image size-full\"><img loading=\"lazy\" decoding=\"async\" width=\"640\" height=\"448\" src=\"https:\/\/www.heritageccomcuneo.it\/wp-content\/uploads\/2022\/09\/image-30.png\" alt=\"\" class=\"wp-image-200\" srcset=\"https:\/\/www.heritageccomcuneo.it\/wp-content\/uploads\/2022\/09\/image-30.png 640w, https:\/\/www.heritageccomcuneo.it\/wp-content\/uploads\/2022\/09\/image-30-300x210.png 300w\" sizes=\"auto, (max-width: 640px) 100vw, 640px\" \/><\/figure>\n\n\n\n<div class=\"wp-block-group is-nowrap is-layout-flex wp-container-core-group-is-layout-ad2f72ca wp-block-group-is-layout-flex\">\n<figure class=\"wp-block-image size-full\"><img loading=\"lazy\" decoding=\"async\" width=\"401\" height=\"552\" src=\"https:\/\/www.heritageccomcuneo.it\/wp-content\/uploads\/2022\/09\/image-31.png\" alt=\"\" class=\"wp-image-201\" srcset=\"https:\/\/www.heritageccomcuneo.it\/wp-content\/uploads\/2022\/09\/image-31.png 401w, https:\/\/www.heritageccomcuneo.it\/wp-content\/uploads\/2022\/09\/image-31-218x300.png 218w\" sizes=\"auto, (max-width: 401px) 100vw, 401px\" \/><\/figure>\n\n\n\n<figure class=\"wp-block-image size-full\"><img loading=\"lazy\" decoding=\"async\" width=\"378\" height=\"552\" src=\"https:\/\/www.heritageccomcuneo.it\/wp-content\/uploads\/2022\/09\/image-32.png\" alt=\"\" class=\"wp-image-202\" srcset=\"https:\/\/www.heritageccomcuneo.it\/wp-content\/uploads\/2022\/09\/image-32.png 378w, https:\/\/www.heritageccomcuneo.it\/wp-content\/uploads\/2022\/09\/image-32-205x300.png 205w\" sizes=\"auto, (max-width: 378px) 100vw, 378px\" \/><\/figure>\n<\/div>\n\n\n\n<p>Oltre al tessile, un settore importante era, ed \u00e8 ancora, rappresentato dall&#8217;<strong>acqua<\/strong>. Nel Registro imprese leggiamo la particolare storia di una famosa acqua minerale: lo stabilimento di  Garessio era denominato \u201c<em>Vendita acqua miracolosa di S. Bernardo<\/em>\u201d; nel 1929 \u201centr\u00f2 in liquidazione\u201d, vendendo \u201cogni cosa alla <em>Societ\u00e0 di Birra<\/em> che continu\u00f2 la vendita dell&#8217;acqua con successo sotto il nome di <em>Societ\u00e0 Fonti di S. Bernardo<\/em>, Societ\u00e0 in piena efficienza\u201d; la sede principale della S. Bernardo si trovava ad Oneglia, in provincia di Imperia.<\/p>\n\n\n\n<figure class=\"wp-block-image size-full is-resized\"><img loading=\"lazy\" decoding=\"async\" width=\"418\" height=\"527\" src=\"https:\/\/www.heritageccomcuneo.it\/wp-content\/uploads\/2022\/09\/image-33.png\" alt=\"\" class=\"wp-image-203\" style=\"width:610px;height:768px\" srcset=\"https:\/\/www.heritageccomcuneo.it\/wp-content\/uploads\/2022\/09\/image-33.png 418w, https:\/\/www.heritageccomcuneo.it\/wp-content\/uploads\/2022\/09\/image-33-238x300.png 238w\" sizes=\"auto, (max-width: 418px) 100vw, 418px\" \/><\/figure>\n\n\n\n<p>Il settore <strong>alimentare<\/strong> vedeva una grande produzione di <strong>carni<\/strong> e <strong>formaggi<\/strong> gi\u00e0 nel secolo scorso: nel Registro imprese si trova la famosa ditta <em>Locatelli Mattia<\/em>, con sede in Lecco, aveva una succursale a Lagnasco, nel 1918 era un caseificio che produceva in particolare \u201cformaggi Emmenthal e gorgonzola\u201d; nel 1952 apre anche la <em>Industrie Salumi Alto Piemonte della ditta Locatelli Mattia<\/em>, sempre con sede in Lecco, ma con una succursale a Moretta dove lavoravano carni suine e bovine.<\/p>\n\n\n\n<p>Per approfondire vedere anche il <a href=\"https:\/\/www.heritageccomcuneo.it\/ritrovamenti\/\" data-type=\"page\" data-id=\"331\">percorso 9<\/a> (clicca qui)<\/p>\n\n\n\n<div class=\"wp-block-group is-nowrap is-layout-flex wp-container-core-group-is-layout-ad2f72ca wp-block-group-is-layout-flex\">\n<figure class=\"wp-block-image size-full\"><img loading=\"lazy\" decoding=\"async\" width=\"467\" height=\"668\" src=\"https:\/\/www.heritageccomcuneo.it\/wp-content\/uploads\/2022\/09\/image-34.png\" alt=\"\" class=\"wp-image-204\" srcset=\"https:\/\/www.heritageccomcuneo.it\/wp-content\/uploads\/2022\/09\/image-34.png 467w, https:\/\/www.heritageccomcuneo.it\/wp-content\/uploads\/2022\/09\/image-34-210x300.png 210w\" sizes=\"auto, (max-width: 467px) 100vw, 467px\" \/><\/figure>\n\n\n\n<figure class=\"wp-block-image size-full\"><img loading=\"lazy\" decoding=\"async\" width=\"473\" height=\"666\" src=\"https:\/\/www.heritageccomcuneo.it\/wp-content\/uploads\/2022\/09\/image-35.png\" alt=\"\" class=\"wp-image-205\" srcset=\"https:\/\/www.heritageccomcuneo.it\/wp-content\/uploads\/2022\/09\/image-35.png 473w, https:\/\/www.heritageccomcuneo.it\/wp-content\/uploads\/2022\/09\/image-35-213x300.png 213w\" sizes=\"auto, (max-width: 473px) 100vw, 473px\" \/><\/figure>\n<\/div>\n\n\n\n<p>Importante gi\u00e0 da tempo era pure l\u2019<strong>industria dolciaria<\/strong> (cioccolato, caramelle, confetti, cioccolatini e confetture al liquore) e la famosa <em>Baratti &amp; Milano<\/em> <em>S.p.a.<\/em> con sede a Torino, possedeva uno stabilimento anche a Cuneo, in via Sella 36. Nel 1948 trasfer\u00ec l\u2019intera produzione nel capoluogo piemontese, mantenendo, per\u00f2, a Cuneo il punto vendita, denominato ICEA, in via Roma 45.<\/p>\n\n\n\n<div class=\"wp-block-group is-nowrap is-layout-flex wp-container-core-group-is-layout-ad2f72ca wp-block-group-is-layout-flex\">\n<figure class=\"wp-block-image size-full\"><img loading=\"lazy\" decoding=\"async\" width=\"480\" height=\"624\" src=\"https:\/\/www.heritageccomcuneo.it\/wp-content\/uploads\/2022\/09\/image-36.png\" alt=\"\" class=\"wp-image-206\" srcset=\"https:\/\/www.heritageccomcuneo.it\/wp-content\/uploads\/2022\/09\/image-36.png 480w, https:\/\/www.heritageccomcuneo.it\/wp-content\/uploads\/2022\/09\/image-36-231x300.png 231w\" sizes=\"auto, (max-width: 480px) 100vw, 480px\" \/><\/figure>\n\n\n\n<figure class=\"wp-block-image size-full\"><img loading=\"lazy\" decoding=\"async\" width=\"458\" height=\"630\" src=\"https:\/\/www.heritageccomcuneo.it\/wp-content\/uploads\/2022\/09\/image-37.png\" alt=\"\" class=\"wp-image-207\" srcset=\"https:\/\/www.heritageccomcuneo.it\/wp-content\/uploads\/2022\/09\/image-37.png 458w, https:\/\/www.heritageccomcuneo.it\/wp-content\/uploads\/2022\/09\/image-37-218x300.png 218w\" sizes=\"auto, (max-width: 458px) 100vw, 458px\" \/><\/figure>\n<\/div>\n","protected":false},"excerpt":{"rendered":"<p>Il Cuneese ha molte importanti imprese storiche, alcune anche con la sede principale altrove (Torino, Imperia, Milano e Como), ma con importanti succursali in comuni della provincia; alcune di esse sono ancora attive, mentre altre non lo sono pi\u00f9 ormai da tempo. Tra quelle attive e molto famose ci sono le aziende centenarie che sono [&hellip;]<\/p>\n","protected":false},"author":1,"featured_media":231,"parent":0,"menu_order":0,"comment_status":"closed","ping_status":"closed","template":"templates\/template-cover.php","meta":{"footnotes":""},"class_list":["post-305","page","type-page","status-publish","has-post-thumbnail","hentry"],"_links":{"self":[{"href":"https:\/\/www.heritageccomcuneo.it\/index.php?rest_route=\/wp\/v2\/pages\/305","targetHints":{"allow":["GET"]}}],"collection":[{"href":"https:\/\/www.heritageccomcuneo.it\/index.php?rest_route=\/wp\/v2\/pages"}],"about":[{"href":"https:\/\/www.heritageccomcuneo.it\/index.php?rest_route=\/wp\/v2\/types\/page"}],"author":[{"embeddable":true,"href":"https:\/\/www.heritageccomcuneo.it\/index.php?rest_route=\/wp\/v2\/users\/1"}],"replies":[{"embeddable":true,"href":"https:\/\/www.heritageccomcuneo.it\/index.php?rest_route=%2Fwp%2Fv2%2Fcomments&post=305"}],"version-history":[{"count":12,"href":"https:\/\/www.heritageccomcuneo.it\/index.php?rest_route=\/wp\/v2\/pages\/305\/revisions"}],"predecessor-version":[{"id":673,"href":"https:\/\/www.heritageccomcuneo.it\/index.php?rest_route=\/wp\/v2\/pages\/305\/revisions\/673"}],"wp:featuredmedia":[{"embeddable":true,"href":"https:\/\/www.heritageccomcuneo.it\/index.php?rest_route=\/wp\/v2\/media\/231"}],"wp:attachment":[{"href":"https:\/\/www.heritageccomcuneo.it\/index.php?rest_route=%2Fwp%2Fv2%2Fmedia&parent=305"}],"curies":[{"name":"wp","href":"https:\/\/api.w.org\/{rel}","templated":true}]}}