{"id":343,"date":"2022-10-15T18:57:01","date_gmt":"2022-10-15T16:57:01","guid":{"rendered":"http:\/\/acta.arkiloko.cloud\/wpcc\/?page_id=343"},"modified":"2024-12-16T17:24:47","modified_gmt":"2024-12-16T16:24:47","slug":"miniere","status":"publish","type":"page","link":"https:\/\/www.heritageccomcuneo.it\/?page_id=343","title":{"rendered":"10. Miniere e cave"},"content":{"rendered":"\n<p>Le pubblicazioni conservate presso la Biblioteca della Camera di commercio di Cuneo rappresentano una fonte davvero preziosa per le tante notizie che ci tramandano.<br>Il Ministero d\u2019Agricoltura. Ispettorato centrale tecnico delle miniere nel 1020 pubblic\u00f2 la Rivista del servizio minerario nel 1918 e da queste pagine \u00e8 stato possibile estrapolare alcuni dati statistici su miniere e su cave, per solleticare la curiosit\u00e0 del lettore e invitarlo ad approfondire proprio presso la biblioteca camerale.<br>Le miniere<\/p>\n\n\n\n<figure class=\"wp-block-image size-full\"><img loading=\"lazy\" decoding=\"async\" width=\"1004\" height=\"435\" src=\"https:\/\/www.heritageccomcuneo.it\/wp-content\/uploads\/2022\/10\/image-15.png\" alt=\"\" class=\"wp-image-344\" srcset=\"https:\/\/www.heritageccomcuneo.it\/wp-content\/uploads\/2022\/10\/image-15.png 1004w, https:\/\/www.heritageccomcuneo.it\/wp-content\/uploads\/2022\/10\/image-15-300x130.png 300w, https:\/\/www.heritageccomcuneo.it\/wp-content\/uploads\/2022\/10\/image-15-768x333.png 768w\" sizes=\"auto, (max-width: 1004px) 100vw, 1004px\" \/><\/figure>\n\n\n\n<p>Per iniziare si pu\u00f2 scoprire che i permessi di ricerca dei minerali in miniera rilasciati in Italia nel 1918 erano stati 1.003 per 29 tipi di minerali quali ferro, manganese, rame, piombo, zinco, pirite, zolfo, grafite, amianto, allumite ecc.<\/p>\n\n\n\n<p>Si pu\u00f2 quindi approfondire l\u2019argomento e conoscere i distretti minerari in cui si estraeva e anche quanto erano produttive queste miniere. Grazie ai dati presenti nel volume \u00e8 stato possibile realizzare un grafico che dovrebbe rendere la lettura immediata e pi\u00f9 gradevole:<\/p>\n\n\n\n<figure class=\"wp-block-image size-full\"><img loading=\"lazy\" decoding=\"async\" width=\"1006\" height=\"505\" src=\"https:\/\/www.heritageccomcuneo.it\/wp-content\/uploads\/2022\/10\/image-16.png\" alt=\"\" class=\"wp-image-345\" srcset=\"https:\/\/www.heritageccomcuneo.it\/wp-content\/uploads\/2022\/10\/image-16.png 1006w, https:\/\/www.heritageccomcuneo.it\/wp-content\/uploads\/2022\/10\/image-16-300x151.png 300w, https:\/\/www.heritageccomcuneo.it\/wp-content\/uploads\/2022\/10\/image-16-768x386.png 768w\" sizes=\"auto, (max-width: 1006px) 100vw, 1006px\" \/><\/figure>\n\n\n\n<p>Si evidenziano anche alcune particolarit\u00e0, per esempio concernente il sale: a Napoli e a Caltanissetta si estraeva salgemma, a Bologna e Firenze sale di sorgente e a Bologna, Caltanissetta, Iglesias, Napoli, Roma, Vicenza sale marino. Oppure minerali specifici presenti solo in alcune aree geografiche: si legge che a Carrara e a Torino vi erano miniere di grafite. Nel distretto di Torino, <strong>circondario di Cuneo<\/strong>, si estraevano, oltre alla grafite, anche combustibili fossili, piombo e zinco. Le miniere d\u2019oro invece si trovavano solo nell\u2019Ossola. Miniere diverse erano presenti in Valle d\u2019Aosta.<\/p>\n\n\n\n<figure class=\"wp-block-image size-full\"><img loading=\"lazy\" decoding=\"async\" width=\"311\" height=\"311\" src=\"https:\/\/www.heritageccomcuneo.it\/wp-content\/uploads\/2022\/10\/image-17.png\" alt=\"\" class=\"wp-image-346\" srcset=\"https:\/\/www.heritageccomcuneo.it\/wp-content\/uploads\/2022\/10\/image-17.png 311w, https:\/\/www.heritageccomcuneo.it\/wp-content\/uploads\/2022\/10\/image-17-300x300.png 300w, https:\/\/www.heritageccomcuneo.it\/wp-content\/uploads\/2022\/10\/image-17-150x150.png 150w\" sizes=\"auto, (max-width: 311px) 100vw, 311px\" \/><\/figure>\n\n\n\n<p>Si propone ora uno sguardo sui minatori e le condizioni di lavoro<\/p>\n\n\n\n<p>La salute dei minatori era a rischio sia per le condizioni di lavoro sia per gli infortuni.<\/p>\n\n\n\n<p>Qualche dato esemplificativo: nel 1918 in Italia morirono 98 minatori e 61 si ferirono gravemente; la percentuale era pari al 3,27 per mille operai almeno nelle 496 solfare della Sicilia, seguivano a ruota le solfare della Campania e della Calabria. Le cause di incidenti erano frane, incendi, cadute nei pozzi o dalle vie di transito, scoppio di mine, grisou o asfissia per gas mefitici ecc.<\/p>\n\n\n\n<p>Le malattie pi\u00f9 frequenti dei minatori in quel periodo erano altrettanto temibili: una era l\u2019anchilostomiasi, una parassitosi dovuta al caldo umido, per evitare la quale ci si limitava allo spargimento di calce nei luoghi di lavoro e quindi l\u2019azione si rivelava assolutamente inefficace; l\u2019altra era la malaria, per la cui profilassi si agiva una sola volta all\u2019anno con la somministrazione di chinino.<\/p>\n\n\n\n<figure class=\"wp-block-image size-full\"><img loading=\"lazy\" decoding=\"async\" width=\"192\" height=\"176\" src=\"https:\/\/www.heritageccomcuneo.it\/wp-content\/uploads\/2022\/10\/image-18.png\" alt=\"\" class=\"wp-image-347\"\/><\/figure>\n\n\n\n<p>Notizia, forse, non cos\u00ec ovvia: durante la Prima Guerra mondiale anche le donne furono impiegate in miniera.<\/p>\n\n\n\n<p><strong><u>Le cave<\/u><\/strong><\/p>\n\n\n\n<figure class=\"wp-block-image size-full\"><img loading=\"lazy\" decoding=\"async\" width=\"1004\" height=\"564\" src=\"https:\/\/www.heritageccomcuneo.it\/wp-content\/uploads\/2022\/10\/image-19.png\" alt=\"\" class=\"wp-image-348\" srcset=\"https:\/\/www.heritageccomcuneo.it\/wp-content\/uploads\/2022\/10\/image-19.png 1004w, https:\/\/www.heritageccomcuneo.it\/wp-content\/uploads\/2022\/10\/image-19-300x169.png 300w, https:\/\/www.heritageccomcuneo.it\/wp-content\/uploads\/2022\/10\/image-19-768x431.png 768w\" sizes=\"auto, (max-width: 1004px) 100vw, 1004px\" \/><\/figure>\n\n\n\n<p>Anche le cave rappresentavano un importante settore estrattivo: i grandi distretti erano cave di marmo e attive ancora oggi.<\/p>\n\n\n\n<p>Il pi\u00f9 grande si trova a Carrara, che esporta il prezioso minerale in tutto il mondo, l\u2019altro ha sede nel Verbano, precisamente a Candoglia (che nel 1918 era parte del distretto estrattivo di Torino), e vi si estrae, tra l\u2019altro, il marmo della Venerabile fabbrica del Duomo di Milano (Candoglia e Milano erano collegate via acqua dal Toce ai Navigli).<\/p>\n","protected":false},"excerpt":{"rendered":"<p>Le pubblicazioni conservate presso la Biblioteca della Camera di commercio di Cuneo rappresentano una fonte davvero preziosa per le tante notizie che ci tramandano.Il Ministero d\u2019Agricoltura. Ispettorato centrale tecnico delle miniere nel 1020 pubblic\u00f2 la Rivista del servizio minerario nel 1918 e da queste pagine \u00e8 stato possibile estrapolare alcuni dati statistici su miniere e [&hellip;]<\/p>\n","protected":false},"author":1,"featured_media":348,"parent":0,"menu_order":0,"comment_status":"closed","ping_status":"closed","template":"templates\/template-cover.php","meta":{"footnotes":""},"class_list":["post-343","page","type-page","status-publish","has-post-thumbnail","hentry"],"_links":{"self":[{"href":"https:\/\/www.heritageccomcuneo.it\/index.php?rest_route=\/wp\/v2\/pages\/343","targetHints":{"allow":["GET"]}}],"collection":[{"href":"https:\/\/www.heritageccomcuneo.it\/index.php?rest_route=\/wp\/v2\/pages"}],"about":[{"href":"https:\/\/www.heritageccomcuneo.it\/index.php?rest_route=\/wp\/v2\/types\/page"}],"author":[{"embeddable":true,"href":"https:\/\/www.heritageccomcuneo.it\/index.php?rest_route=\/wp\/v2\/users\/1"}],"replies":[{"embeddable":true,"href":"https:\/\/www.heritageccomcuneo.it\/index.php?rest_route=%2Fwp%2Fv2%2Fcomments&post=343"}],"version-history":[{"count":3,"href":"https:\/\/www.heritageccomcuneo.it\/index.php?rest_route=\/wp\/v2\/pages\/343\/revisions"}],"predecessor-version":[{"id":580,"href":"https:\/\/www.heritageccomcuneo.it\/index.php?rest_route=\/wp\/v2\/pages\/343\/revisions\/580"}],"wp:featuredmedia":[{"embeddable":true,"href":"https:\/\/www.heritageccomcuneo.it\/index.php?rest_route=\/wp\/v2\/media\/348"}],"wp:attachment":[{"href":"https:\/\/www.heritageccomcuneo.it\/index.php?rest_route=%2Fwp%2Fv2%2Fmedia&parent=343"}],"curies":[{"name":"wp","href":"https:\/\/api.w.org\/{rel}","templated":true}]}}