{"id":393,"date":"2022-12-18T09:32:59","date_gmt":"2022-12-18T08:32:59","guid":{"rendered":"http:\/\/acta.arkiloko.cloud\/wpcc\/?page_id=393"},"modified":"2026-02-27T09:13:08","modified_gmt":"2026-02-27T08:13:08","slug":"intrecci","status":"publish","type":"page","link":"https:\/\/www.heritageccomcuneo.it\/?page_id=393","title":{"rendered":"6. Gli intrecci degli archivi: il caso di Carr\u00f9"},"content":{"rendered":"\n<p>Il registro delle ditte della Camera di commercio di Cuneo custodisce preziose informazioni sulle ditte e le imprese che hanno operato in Provincia di Cuneo. \u00c8 suddiviso per comuni, ordinati alfabeticamente. Per ogni comune sono conservati i fascicoli delle singole ditte anch\u2019essi in ordine alfabetico.<\/p>\n\n\n\n<p>Tra il 2023 e il 2024 grazie ad una partnership tra la Camera di Commercio di Cuneo e il comune di Carr\u00f9 si \u00e8 proceduto ad un censimento e una digitalizzazione di tutti i fascicoli delle imprese cessate di Carr\u00f9.<\/p>\n\n\n\n<p>Si tratta di 742 tra imprese, societ\u00e0, ditte individuali che hanno svolto la loro attivit\u00e0 tra la met\u00e0 del XIX secolo e la met\u00e0 del XX secolo.<\/p>\n\n\n\n<p>Il fascicolo della ditta si compone di documenti e moduli standard che le imprese dovevano fornire alla Camera di commercio. La denuncia di inizio attivit\u00e0, comunicazioni circa eventuali cambiamenti anagrafici dell\u2019impresa e infine la denuncia di cessazione dell\u2019attivit\u00e0. Alcuni fascicoli, relativi a societ\u00e0 pi\u00f9 grandi e articolate (consorzi, banche) presentano anche gli statuti societari.<\/p>\n\n\n\n<p>Ogni fascicolo quindi si compone di almeno 3 documenti. Le scansioni eseguite e qui consultabili sono quindi circa cinquemila.&nbsp;<\/p>\n\n\n\n<p>Dai fascicoli si possono ricavare molte e preziose informazioni, in particolare quelle anagrafiche. I nomi dei titolari, l\u2019anno di inizio dell\u2019attivit\u00e0, l\u2019indirizzo in cui l\u2019impresa operava, la tipologia di attivit\u00e0, l\u2019anno di cessazione.<\/p>\n\n\n\n<p>\u00c8 evidente che incrociando questi dati si possono mettere in risalto storie diverse a seconda del dato su cui puntiamo l\u2019attenzione. Ad esempio ci si pu\u00f2 focalizzare sui nomi (e cognomi) dei titolari e vedere come un\u2019impresa di famiglia, tramandata di padre in figlio per generazioni, sia cambiata nel tempo. Oppure, mettendo in evidenza gli indirizzi delle imprese, si pu\u00f2 scorgere come le vie di Carr\u00f9 e tutto il comune sia cambiato nel tempo. Possiamo scorgere come Carr\u00f9 si sia dimostrato nel tempo un Comune capace di adattarsi all\u2019evolversi dei tempi e delle tecnologie grazie all\u2019inventiva e all\u2019impresa dei suoi cittadini osservando come le tipologie di attivit\u00e0 siano cambiate o siano semplicemente evolute.<\/p>\n\n\n\n<p>Il presente lavoro quindi ci fornisce non tanto una fotografia statica della Carr\u00f9 di un tempo quanto una panoramica dell\u2019evoluzione del tessuto sociale, economico e culturale carrucesi.<\/p>\n\n\n\n<p>Alcuni esempi di imprese sono descritti in questo <a href=\"https:\/\/www.heritageccomcuneo.it\/alcuni-esempi\/\" data-type=\"page\" data-id=\"498\">link<\/a><\/p>\n\n\n\n<p>L&#8217;archivio delle imprese di Carr\u00f9 \u00e8 online cliccando sul pulsante seguente:<\/p>\n\n\n\n<div class=\"wp-block-buttons is-content-justification-center is-layout-flex wp-container-core-buttons-is-layout-16018d1d wp-block-buttons-is-layout-flex\">\n<div class=\"wp-block-button\"><a class=\"wp-block-button__link wp-element-button\" href=\"https:\/\/www.archiviostoricocarru.it\/ca\/pwrgdi\">aRCHIVIO<\/a><\/div>\n<\/div>\n\n\n\n<p><\/p>\n","protected":false},"excerpt":{"rendered":"<p>Il registro delle ditte della Camera di commercio di Cuneo custodisce preziose informazioni sulle ditte e le imprese che hanno operato in Provincia di Cuneo. \u00c8 suddiviso per comuni, ordinati alfabeticamente. Per ogni comune sono conservati i fascicoli delle singole ditte anch\u2019essi in ordine alfabetico. Tra il 2023 e il 2024 grazie ad una partnership [&hellip;]<\/p>\n","protected":false},"author":1,"featured_media":403,"parent":0,"menu_order":0,"comment_status":"closed","ping_status":"closed","template":"templates\/template-cover.php","meta":{"footnotes":""},"class_list":["post-393","page","type-page","status-publish","has-post-thumbnail","hentry"],"_links":{"self":[{"href":"https:\/\/www.heritageccomcuneo.it\/index.php?rest_route=\/wp\/v2\/pages\/393","targetHints":{"allow":["GET"]}}],"collection":[{"href":"https:\/\/www.heritageccomcuneo.it\/index.php?rest_route=\/wp\/v2\/pages"}],"about":[{"href":"https:\/\/www.heritageccomcuneo.it\/index.php?rest_route=\/wp\/v2\/types\/page"}],"author":[{"embeddable":true,"href":"https:\/\/www.heritageccomcuneo.it\/index.php?rest_route=\/wp\/v2\/users\/1"}],"replies":[{"embeddable":true,"href":"https:\/\/www.heritageccomcuneo.it\/index.php?rest_route=%2Fwp%2Fv2%2Fcomments&post=393"}],"version-history":[{"count":19,"href":"https:\/\/www.heritageccomcuneo.it\/index.php?rest_route=\/wp\/v2\/pages\/393\/revisions"}],"predecessor-version":[{"id":690,"href":"https:\/\/www.heritageccomcuneo.it\/index.php?rest_route=\/wp\/v2\/pages\/393\/revisions\/690"}],"wp:featuredmedia":[{"embeddable":true,"href":"https:\/\/www.heritageccomcuneo.it\/index.php?rest_route=\/wp\/v2\/media\/403"}],"wp:attachment":[{"href":"https:\/\/www.heritageccomcuneo.it\/index.php?rest_route=%2Fwp%2Fv2%2Fmedia&parent=393"}],"curies":[{"name":"wp","href":"https:\/\/api.w.org\/{rel}","templated":true}]}}